{"id":995,"date":"2017-07-15T09:33:53","date_gmt":"2017-07-15T07:33:53","guid":{"rendered":"http:\/\/cajovnajasminka.sk\/?post_type=product&#038;p=995"},"modified":"2023-03-16T07:56:55","modified_gmt":"2023-03-16T06:56:55","slug":"amalaki-skorica","status":"publish","type":"product","link":"http:\/\/cajovnajasminka.sk\/?product=amalaki-skorica","title":{"rendered":"Amalaki \u0161korica"},"content":{"rendered":"<p>Tento v\u00fdnimo\u010dn\u00fd plod lie\u010divej rastliny Embiliky lek\u00e1rskej je u\u017e po storo\u010dia pou\u017e\u00edvan\u00fd v syst\u00e9me ajurv\u00e9dskeho lek\u00e1rstva, ako v\u00fdborn\u00fd pr\u00edrodn\u00fd prostriedok pri celkovej regener\u00e1cii organizmu.\u00a0Amalaki je v Indii pova\u017eovan\u00e9 od d\u00e1vnych \u010dias v\u00e9dskych mudrcov za posv\u00e4tn\u00e9 &#8222;bo\u017esk\u00e9 ovocie&#8220; pre svoje mno\u017estvo antioxidantov a vitam\u00ednu C, ktor\u00e9 sa podie\u013eaj\u00fa na o\u010diste tela od vo\u013en\u00fdch radik\u00e1lov a povzbudzuj\u00fa obranyschopnos\u0165 organizmu.<\/p>\n<p><strong>Prospieva kardiovaskul\u00e1rnemu syst\u00e9mu<\/strong><br \/>\n<strong>Priaznivo p\u00f4sob\u00ed na \u010dinnos\u0165 tr\u00e1viaceho \u00fastrojenstva<br \/>\nProspieva funkci\u00ed \u017eal\u00fadka a \u010drevn\u00e9ho traktu<br \/>\nVitam\u00edn C prispieva k optim\u00e1lnej \u010dinnosti imunitn\u00e9ho syst\u00e9mu<br \/>\nPom\u00e1ha ochra\u0148ova\u0165 bunky pred oxidat\u00edvnym stresom<br \/>\nZvy\u0161uje vstreb\u00e1vanie \u017eeleza<br \/>\nZni\u017euje mieru \u00fanavy a vy\u010derpania<br \/>\n<\/strong><\/p>\n<p><strong>Zlo\u017eenie :\u00a0<\/strong><\/p>\n<p>embilika lek\u00e1rska, trstinov\u00fd sirup, \u0161koricovn\u00edk cejl\u00f3nsky<\/p>\n<p><strong>Doporu\u010den\u00e9 d\u00e1vkovanie :\u00a0<\/strong><\/p>\n<p>Pri be\u017enom ka\u017edodennom dopl\u0148ovan\u00ed vitam\u00ednu C vysta\u010d\u00ed jedno 100g balenie Amalaki na dobu troch dn\u00ed. V pr\u00edpade zv\u00fd\u0161enej potreby vitam\u00ednu C pri poklese imunity, pri chorobe, rekonvalescencii, \u0161portovej v\u00fdkonnosti \u010di inom fyzickom a psychickom za\u0165a\u017een\u00ed je nutn\u00e9 spotrebova\u0165 jedno balenie denne.<\/p>\n<p><strong>Hmotnos\u0165 :<\/strong>\u00a0100 g<\/p>\n<p>&nbsp;<\/p>\n","protected":false},"excerpt":{"rendered":"<p><strong>Hmotnos\u0165 :\u00a0100 g<\/strong><\/p>\n<p><strong>Pr\u00edrodn\u00fd zdroj antioxidantov a vitam\u00ednu C<\/strong><\/p>\n","protected":false},"featured_media":997,"comment_status":"open","ping_status":"closed","template":"","meta":[],"_links":{"self":[{"href":"http:\/\/cajovnajasminka.sk\/index.php?rest_route=\/wp\/v2\/product\/995"}],"collection":[{"href":"http:\/\/cajovnajasminka.sk\/index.php?rest_route=\/wp\/v2\/product"}],"about":[{"href":"http:\/\/cajovnajasminka.sk\/index.php?rest_route=\/wp\/v2\/types\/product"}],"replies":[{"embeddable":true,"href":"http:\/\/cajovnajasminka.sk\/index.php?rest_route=%2Fwp%2Fv2%2Fcomments&post=995"}],"wp:featuredmedia":[{"embeddable":true,"href":"http:\/\/cajovnajasminka.sk\/index.php?rest_route=\/wp\/v2\/media\/997"}],"wp:attachment":[{"href":"http:\/\/cajovnajasminka.sk\/index.php?rest_route=%2Fwp%2Fv2%2Fmedia&parent=995"}],"curies":[{"name":"wp","href":"https:\/\/api.w.org\/{rel}","templated":true}]}}