{"id":916,"date":"2017-07-12T09:41:29","date_gmt":"2017-07-12T07:41:29","guid":{"rendered":"http:\/\/cajovnajasminka.sk\/?post_type=product&#038;p=916"},"modified":"2024-02-16T08:16:27","modified_gmt":"2024-02-16T07:16:27","slug":"skorica-esencialny-olej","status":"publish","type":"product","link":"http:\/\/cajovnajasminka.sk\/?product=skorica-esencialny-olej","title":{"rendered":"\u0160korica &#8211; Esenci\u00e1lny olej"},"content":{"rendered":"<p>Skuto\u010dne 100% pr\u00edrodn\u00e9 esenci\u00e1lne oleje zna\u010dky Saloos patria jednozna\u010dne k najkvalitnej\u0161\u00edm na trhu. Ka\u017ed\u00fd esenci\u00e1lny olej prech\u00e1dza najpr\u00edsnej\u0161\u00edmi laborat\u00f3rnymi testami a musia splni\u0165 n\u00e1ro\u010dn\u00e9 v\u00fdstupn\u00e9 krit\u00e9ri\u00e1. Syntetick\u00e9 oleje vyroben\u00e9 chemickou cestou v laborat\u00f3ri\u00e1ch nem\u00f4\u017eu nikdy nahradi\u0165 jedine\u010dn\u00e9 \u00fa\u010dinky \u010disto pr\u00edrodn\u00fdch olejov.<\/p>\n<ul>\n<li><strong>\u0161koricov\u00fd olej silne prehrieva a posil\u0148uje srdcov\u00fa \u010dinnos\u0165<\/strong><\/li>\n<li><strong style=\"font-size: 15px; line-height: inherit;\">pom\u00e1ha pri \u00fanave, pocitoch chladu, ang\u00edne pektoris<\/strong><\/li>\n<li><span style=\"font-size: 15px;\"><strong><span style=\"line-height: inherit;\">u\u013eavuje pri d\u00fdchac\u00edch \u0165a\u017ekostiach, posil\u0148uje oslaben\u00fa imunitu<\/span><\/strong><\/span><\/li>\n<li><strong>m\u00e1 blahodarn\u00fd vplyv na tr\u00e1viaci trakt<\/strong><\/li>\n<li><strong style=\"font-size: 15px; line-height: inherit;\">upravuje pomal\u00e9 za\u017e\u00edvanie<\/strong><\/li>\n<li><strong style=\"font-size: 15px; line-height: inherit;\">povzbudzuje chu\u0165 k jedlu<\/strong><\/li>\n<li><strong style=\"font-size: 15px; line-height: inherit;\">u\u013eavuje pri hna\u010dke<\/strong><\/li>\n<li><strong style=\"font-size: 15px; line-height: inherit;\">zmier\u0148uje nutkanie na zvracanie<\/strong><\/li>\n<li><strong>harmonizuje a upokojuje pri vy\u010derpan\u00ed a depresii<\/strong><\/li>\n<li><strong>vhodn\u00e1 aj na lie\u010dbu infekci\u00ed mo\u010dov\u00e9ho a pohlavn\u00e9ho \u00fastrojenstva<\/strong><\/li>\n<li><strong>v\u00f4\u0148a je horkosladko siln\u00e1, tepl\u00e1, pr\u00edjemn\u00e1<\/strong><\/li>\n<li><strong>nie je vhodn\u00fd pre tehotn\u00e9 \u017eeny, nepou\u017e\u00edva\u0165 v \u010dase doj\u010denia, pri epilepsii a alergick\u00fdch dispoz\u00edci\u00e1ch &#8211; \u0161korica je alerg\u00e9n<\/strong><\/li>\n<\/ul>\n<p><strong>Obsah balenia : <\/strong>10\u00a0ml<\/p>\n<p><strong>Pou\u017eitie :\u00a0<\/strong><\/p>\n<ul>\n<li><strong>Inhal\u00e1cia<\/strong>\u00a0&#8211; do aromalampy nakvapkajte 3 a\u017e 8 kvapiek esenci\u00e1lneho oleja, z\u00e1le\u017e\u00ed na ve\u013ekosti miestnosti.\u00a0Silica priestor prevonia a osvie\u017ei, z\u00e1rove\u0148 pohlt\u00ed pachy.<\/li>\n<\/ul>\n<ul>\n<li><strong>K\u00fape\u013e<\/strong>\u00a0&#8211;\u00a03 a\u017e 8 kvapiek rozmie\u0161ajte v 1 dcl mlieka alebo v ly\u017ei\u010dke medu. Teplota vody by nemala presahova\u0165 35-37 \u00b0C.\u00a0Pre dosiahnutie maxim\u00e1lneho efektu sa odpor\u00fa\u010da k\u00fape\u013e po dobu 15-20 min\u00fat.<\/li>\n<\/ul>\n<ul>\n<li><strong>Aromatick\u00e1 mas\u00e1\u017e<\/strong>\u00a0&#8211; do 50 ml rastlinn\u00e9ho oleja lisovan\u00e9ho za studena alebo bio oleja (napr. marhu\u013eov\u00e9ho, mand\u013eov\u00e9ho \u010di olivov\u00e9ho) pridajte 5-15 kvapiek esenci\u00e1lneho oleja a premie\u0161ajte.\u00a0Tam, kde je nutn\u00e9 dodr\u017ea\u0165 n\u00edzke koncentr\u00e1cie, posta\u010d\u00ed 3-5 kvapiek esenci\u00e1lneho oleja do 50 ml z\u00e1kladn\u00e9ho oleja.<\/li>\n<\/ul>\n<ul>\n<li><strong>Sauna<\/strong>\u00a0&#8211; naj\u010dastej\u0161ie sa pou\u017e\u00edvaj\u00fa osvie\u017euj\u00face, \u010distiace a podporuj\u00face vonn\u00e9 oleje. M\u00f4\u017eu to by\u0165 ihli\u010dnany, rozmar\u00edn, m\u00e4ta, \u0161alvia, eukalyptus alebo citrusy. Obvykl\u00e9 mno\u017estvo je 10-20 kvapiek, z\u00e1le\u017e\u00ed op\u00e4\u0165 na ve\u013ekosti sauny.<\/li>\n<\/ul>\n<ul>\n<li><strong>Starostlivos\u0165 o ple\u0165<\/strong>\u00a0&#8211; 1 kvapka esenci\u00e1lneho oleja.<\/li>\n<\/ul>\n<ul>\n<li><strong>Lok\u00e1lne pou\u017eitie<\/strong>\u00a0&#8211; 5 a\u017e 10 kvapiek.<\/li>\n<\/ul>\n<ul>\n<li><strong>Maska na vlasy<\/strong>\u00a0&#8211; 2 kvapky.<\/li>\n<\/ul>\n<p><strong>Upozornenie:<\/strong><\/p>\n<p>Ur\u010den\u00e9 len na vonkaj\u0161ie pou\u017eitie. Pred mas\u00e1\u017eou sa odpor\u00fa\u010da vykona\u0165 test zn\u00e1\u0161anlivosti oleja v mas\u00e1\u017enej zmesi na predlakt\u00ed. Niektor\u00e9 esenci\u00e1lne oleje nie s\u00fa vhodn\u00e9 pre tehotn\u00e9 \u017eeny. Pri probl\u00e9moch s krvn\u00fdm tlakom si kupujte \u00e9terick\u00e9 oleje, ktor\u00e9 va\u0161e \u0165a\u017ekosti tlmia, nie podporuj\u00fa. Po mas\u00e1\u017ei pr\u00edpravky, ktor\u00e9 obsahuj\u00fa niektor\u00e9 esenci\u00e1lne oleje, napr. bergamot, litsea cubeba alebo pomaran\u010d, sa vyvarujte slnenie, ktor\u00e9 m\u00f4\u017ee sp\u00f4sobi\u0165 \u0161kvrny na ko\u017ei. Olej jalovec a santalov\u00e9 drevo nie s\u00fa vhodn\u00e9 pre pacientov s obli\u010dkov\u00fdmi \u0165a\u017ekos\u0165ami. Pou\u017eitie nezrieden\u00e9ho oleja priamo na poko\u017eku sa neodpor\u00fa\u010da s v\u00fdnimkou Tea Tree a levandule.<\/p>\n","protected":false},"excerpt":{"rendered":"<p><strong>Obsah balenia : 10 ml<\/strong><\/p>\n","protected":false},"featured_media":920,"comment_status":"closed","ping_status":"closed","template":"","meta":[],"_links":{"self":[{"href":"http:\/\/cajovnajasminka.sk\/index.php?rest_route=\/wp\/v2\/product\/916"}],"collection":[{"href":"http:\/\/cajovnajasminka.sk\/index.php?rest_route=\/wp\/v2\/product"}],"about":[{"href":"http:\/\/cajovnajasminka.sk\/index.php?rest_route=\/wp\/v2\/types\/product"}],"replies":[{"embeddable":true,"href":"http:\/\/cajovnajasminka.sk\/index.php?rest_route=%2Fwp%2Fv2%2Fcomments&post=916"}],"wp:featuredmedia":[{"embeddable":true,"href":"http:\/\/cajovnajasminka.sk\/index.php?rest_route=\/wp\/v2\/media\/920"}],"wp:attachment":[{"href":"http:\/\/cajovnajasminka.sk\/index.php?rest_route=%2Fwp%2Fv2%2Fmedia&parent=916"}],"curies":[{"name":"wp","href":"https:\/\/api.w.org\/{rel}","templated":true}]}}