{"id":863,"date":"2017-07-05T21:08:38","date_gmt":"2017-07-05T19:08:38","guid":{"rendered":"http:\/\/cajovnajasminka.sk\/?post_type=product&#038;p=863"},"modified":"2020-03-24T17:56:54","modified_gmt":"2020-03-24T16:56:54","slug":"tehotensky-osetrujuci-telovy-a-masazny-olej","status":"publish","type":"product","link":"http:\/\/cajovnajasminka.sk\/?product=tehotensky-osetrujuci-telovy-a-masazny-olej","title":{"rendered":"Tehotensk\u00fd &#8211; o\u0161etruj\u00faci telov\u00fd a mas\u00e1\u017eny olej"},"content":{"rendered":"<p>Telov\u00e9 a mas\u00e1\u017ene oleje zna\u010dky Saloos s\u00fa\u00a0osvie\u017euj\u00face oleje ur\u010den\u00e9 na ka\u017edodenn\u00e9 o\u0161etrenie poko\u017eky i k povzbudzuj\u00facej mas\u00e1\u017ei.\u00a0Rastlinn\u00e9 bio oleje poko\u017eku \u00a0vy\u017eivuj\u00fa a zvl\u00e1\u010d\u0148uj\u00fa.<\/p>\n<ul>\n<li><strong>Tehotensk\u00fd o\u0161etruj\u00faci olej Saloos sa pou\u017e\u00edva v obdob\u00ed tehotenstva pri pravidelnom o\u0161etrovan\u00ed problematick\u00fdch parti\u00ed, predov\u0161etk\u00fdm brucha, bokov, stehien a p\u0155s.\u00a0Zlep\u0161uje\u00a0 pru\u017enos\u0165 poko\u017eky a t\u00fdm v\u00fdrazne obmedzuje tvorbu stri\u00ed. Jemn\u00e1 v\u00f4\u0148a pr\u00edrodn\u00fdch \u00e9terick\u00fdch olejov uk\u013eud\u0148uje a harmonizuje psychiku.\u00a0Ve\u013emi vhodn\u00e9 pou\u017e\u00edva\u0165 po p\u00f4rode \u010fal\u0161\u00edch 6 a\u017e 12 mesiacov k n\u00e1slednej regener\u00e1cii poko\u017eky.<\/strong><\/li>\n<\/ul>\n<p><strong> Zlo\u017eenie:<br \/>\n<\/strong><\/p>\n<ul>\n<li>rastlinn\u00e9 oleje lisovan\u00e9 za studena\u00a0 mand\u013eov\u00fd,\u00a0bio-pupalkov\u00fd<\/li>\n<li>\u00e9terick\u00e9 oleje Levandu\u013ea, Neroli<\/li>\n<\/ul>\n<p><strong>Obsah balenia :\u00a0<\/strong>50 ml<\/p>\n<p>&nbsp;<\/p>\n","protected":false},"excerpt":{"rendered":"<p><strong>Obsah balenia :\u00a050 ml<\/strong><\/p>\n","protected":false},"featured_media":864,"comment_status":"closed","ping_status":"closed","template":"","meta":[],"_links":{"self":[{"href":"http:\/\/cajovnajasminka.sk\/index.php?rest_route=\/wp\/v2\/product\/863"}],"collection":[{"href":"http:\/\/cajovnajasminka.sk\/index.php?rest_route=\/wp\/v2\/product"}],"about":[{"href":"http:\/\/cajovnajasminka.sk\/index.php?rest_route=\/wp\/v2\/types\/product"}],"replies":[{"embeddable":true,"href":"http:\/\/cajovnajasminka.sk\/index.php?rest_route=%2Fwp%2Fv2%2Fcomments&post=863"}],"wp:featuredmedia":[{"embeddable":true,"href":"http:\/\/cajovnajasminka.sk\/index.php?rest_route=\/wp\/v2\/media\/864"}],"wp:attachment":[{"href":"http:\/\/cajovnajasminka.sk\/index.php?rest_route=%2Fwp%2Fv2%2Fmedia&parent=863"}],"curies":[{"name":"wp","href":"https:\/\/api.w.org\/{rel}","templated":true}]}}