{"id":860,"date":"2017-07-05T20:56:08","date_gmt":"2017-07-05T18:56:08","guid":{"rendered":"http:\/\/cajovnajasminka.sk\/?post_type=product&#038;p=860"},"modified":"2017-07-05T21:07:44","modified_gmt":"2017-07-05T19:07:44","slug":"prsnikovy-telovy-a-masazny-olej","status":"publish","type":"product","link":"http:\/\/cajovnajasminka.sk\/?product=prsnikovy-telovy-a-masazny-olej","title":{"rendered":"Prsn\u00edkov\u00fd &#8211; telov\u00fd a mas\u00e1\u017eny olej"},"content":{"rendered":"<p>Telov\u00e9 a mas\u00e1\u017ene oleje zna\u010dky Saloos s\u00fa\u00a0osvie\u017euj\u00face oleje ur\u010den\u00e9 na ka\u017edodenn\u00e9 o\u0161etrenie poko\u017eky i k povzbudzuj\u00facej mas\u00e1\u017ei.\u00a0Rastlinn\u00e9 bio oleje poko\u017eku \u00a0vy\u017eivuj\u00fa a zvl\u00e1\u010d\u0148uj\u00fa.<\/p>\n<ul>\n<li><strong>Olej na mas\u00e1\u017e prsn\u00edkov Saloos je ur\u010den\u00fd predov\u0161etk\u00fdm pre tehotn\u00e9 a kojace \u017eeny.\u00a0Jemn\u00e1 mas\u00e1\u017e prsn\u00edkov prekrvuje tkanivo a podporuje tvorbu a uvo\u013e\u0148ovanie matersk\u00e9ho mlieka. Mas\u00e1\u017e z\u00e1rove\u0148 jemne a \u0161etrne o\u0161etruje poko\u017eku prsn\u00edkov.<\/strong><strong>Nepou\u017e\u00edva\u0165 tesne pred kojen\u00edm.<\/strong><\/li>\n<\/ul>\n<p><strong> Zlo\u017eenie:<br \/>\n<\/strong><\/p>\n<ul>\n<li>rastlinn\u00e9 oleje lisovan\u00e9 za studena\u00a0 mand\u013eov\u00fd, marhu\u013eov\u00fd<\/li>\n<li>\u00e9terick\u00e9 oleje Fenykel, Major\u00e1nka, \u010cierny km\u00edn<\/li>\n<\/ul>\n<p><strong>Obsah balenia :\u00a0<\/strong>50 ml<\/p>\n<p>&nbsp;<\/p>\n","protected":false},"excerpt":{"rendered":"<p><strong>Obsah balenia :\u00a050 ml<\/strong><\/p>\n","protected":false},"featured_media":862,"comment_status":"closed","ping_status":"closed","template":"","meta":[],"_links":{"self":[{"href":"http:\/\/cajovnajasminka.sk\/index.php?rest_route=\/wp\/v2\/product\/860"}],"collection":[{"href":"http:\/\/cajovnajasminka.sk\/index.php?rest_route=\/wp\/v2\/product"}],"about":[{"href":"http:\/\/cajovnajasminka.sk\/index.php?rest_route=\/wp\/v2\/types\/product"}],"replies":[{"embeddable":true,"href":"http:\/\/cajovnajasminka.sk\/index.php?rest_route=%2Fwp%2Fv2%2Fcomments&post=860"}],"wp:featuredmedia":[{"embeddable":true,"href":"http:\/\/cajovnajasminka.sk\/index.php?rest_route=\/wp\/v2\/media\/862"}],"wp:attachment":[{"href":"http:\/\/cajovnajasminka.sk\/index.php?rest_route=%2Fwp%2Fv2%2Fmedia&parent=860"}],"curies":[{"name":"wp","href":"https:\/\/api.w.org\/{rel}","templated":true}]}}