{"id":859,"date":"2017-07-05T20:56:07","date_gmt":"2017-07-05T18:56:07","guid":{"rendered":"http:\/\/cajovnajasminka.sk\/?post_type=product&#038;p=859"},"modified":"2017-07-05T20:59:59","modified_gmt":"2017-07-05T18:59:59","slug":"masaz-hradze-telovy-a-masazny-olej","status":"publish","type":"product","link":"http:\/\/cajovnajasminka.sk\/?product=masaz-hradze-telovy-a-masazny-olej","title":{"rendered":"Mas\u00e1\u017e hr\u00e1dze &#8211; telov\u00fd a mas\u00e1\u017eny olej"},"content":{"rendered":"<p>Telov\u00e9 a mas\u00e1\u017ene oleje zna\u010dky Saloos s\u00fa\u00a0osvie\u017euj\u00face oleje ur\u010den\u00e9 na ka\u017edodenn\u00e9 o\u0161etrenie poko\u017eky i k povzbudzuj\u00facej mas\u00e1\u017ei.\u00a0Rastlinn\u00e9 bio oleje poko\u017eku \u00a0vy\u017eivuj\u00fa a zvl\u00e1\u010d\u0148uj\u00fa.<\/p>\n<ul>\n<li><strong>Pre dostato\u010dn\u00e9 uvo\u013enenie tkaniva a t\u00fdm aj \u013eah\u0161\u00ed p\u00f4rod je vhodn\u00e9 uskuto\u010d\u0148ova\u0165 pravideln\u00fa mas\u00e1\u017e hr\u00e1dze. Zv\u00fd\u0161en\u00edm elasticity tkaniva sa zni\u017euje riziko nastrihnutia hr\u00e1dze.Mas\u00edrujeme ( oblas\u0165 perineum ) 6 \u2013 8 t\u00fd\u017ed\u0148ov pred p\u00f4rodom cca 5 \u2013 10 min\u00fat, 4-5x t\u00fd\u017edenne. P\u00f4sob\u00ed priaznivo na uk\u013eudnenie organizmu.<\/strong><\/li>\n<\/ul>\n<p><strong> Zlo\u017eenie:<br \/>\n<\/strong><\/p>\n<ul>\n<li>rastlinn\u00e9 oleje lisovan\u00e9 za studena mand\u013eov\u00fd, olivov\u00fd<\/li>\n<li>\u00e9terick\u00e9 oleje Ger\u00e1nium<\/li>\n<\/ul>\n<p><strong>Obsah balenia :\u00a0<\/strong>50 ml<\/p>\n<p>&nbsp;<\/p>\n","protected":false},"excerpt":{"rendered":"<p><strong>Obsah balenia :\u00a050 ml<\/strong><\/p>\n","protected":false},"featured_media":861,"comment_status":"closed","ping_status":"closed","template":"","meta":[],"_links":{"self":[{"href":"http:\/\/cajovnajasminka.sk\/index.php?rest_route=\/wp\/v2\/product\/859"}],"collection":[{"href":"http:\/\/cajovnajasminka.sk\/index.php?rest_route=\/wp\/v2\/product"}],"about":[{"href":"http:\/\/cajovnajasminka.sk\/index.php?rest_route=\/wp\/v2\/types\/product"}],"replies":[{"embeddable":true,"href":"http:\/\/cajovnajasminka.sk\/index.php?rest_route=%2Fwp%2Fv2%2Fcomments&post=859"}],"wp:featuredmedia":[{"embeddable":true,"href":"http:\/\/cajovnajasminka.sk\/index.php?rest_route=\/wp\/v2\/media\/861"}],"wp:attachment":[{"href":"http:\/\/cajovnajasminka.sk\/index.php?rest_route=%2Fwp%2Fv2%2Fmedia&parent=859"}],"curies":[{"name":"wp","href":"https:\/\/api.w.org\/{rel}","templated":true}]}}