{"id":855,"date":"2017-07-05T20:50:21","date_gmt":"2017-07-05T18:50:21","guid":{"rendered":"http:\/\/cajovnajasminka.sk\/?post_type=product&#038;p=855"},"modified":"2017-07-05T20:54:21","modified_gmt":"2017-07-05T18:54:21","slug":"vanilla-telovy-a-masazny-olej","status":"publish","type":"product","link":"http:\/\/cajovnajasminka.sk\/?product=vanilla-telovy-a-masazny-olej","title":{"rendered":"Vanilla &#8211; telov\u00fd a mas\u00e1\u017eny olej"},"content":{"rendered":"<p>Telov\u00e9 a mas\u00e1\u017ene oleje zna\u010dky Saloos s\u00fa\u00a0osvie\u017euj\u00face oleje ur\u010den\u00e9 na ka\u017edodenn\u00e9 o\u0161etrenie poko\u017eky i k povzbudzuj\u00facej mas\u00e1\u017ei.\u00a0Rastlinn\u00e9 bio oleje poko\u017eku \u00a0vy\u017eivuj\u00fa a zvl\u00e1\u010d\u0148uj\u00fa.<\/p>\n<ul>\n<li><strong>V\u00fdnimo\u010dn\u00fd mas\u00e1\u017eny olej ur\u010den\u00fd na uvo\u013e\u0148uj\u00facu a relaxa\u010dn\u00fa mas\u00e1\u017e. Poko\u017eku tv\u00e1re a cel\u00e9ho tela o\u0161etruje, zvl\u00e1\u010d\u0148uje, regeneruje a vy\u017eivuje.\u00a0Jemn\u00e1 exotick\u00e1 v\u00f4\u0148a vanilky navod\u00ed pohodu a harmonizuje psychiku, jej tepl\u00e9 t\u00f3ny v\u00e1m navodia pr\u00edjemn\u00fd sp\u00e1nok a sladk\u00e9 sny.\u00a0Olej pou\u017eit\u00fd e\u0161te na vlhk\u00fa, neosu\u0161en\u00fa poko\u017eku po sprchovan\u00ed a k\u00fapeli v nej uzamkne vlhkos\u0165, zjemn\u00ed ju a zahal\u00ed pr\u00edjemnou v\u00f4\u0148ou vanilky.<\/strong><\/li>\n<\/ul>\n<p><strong> Zlo\u017eenie:<br \/>\n<\/strong><\/p>\n<p><strong>Oleje lisovan\u00e9 za studena:<\/strong><\/p>\n<ul>\n<li>Bio-sezamov\u00fd, Bio-slune\u010dnicov\u00fd, Makadamiov\u00fd, Marhu\u013eov\u00fd, Mand\u013eov\u00fd<\/li>\n<\/ul>\n<p><strong>100% esenci\u00e1lne oleje:<\/strong><\/p>\n<ul>\n<li>Vanilla Bourbon \u2013 uk\u013eud\u0148uje nervov\u00fa s\u00fastavu, pom\u00e1ha pri nespavosti, zbavuje stresu a dod\u00e1va optimizmus<\/li>\n<li>Limeta lisovan\u00e1 \u2013 povzbudzuje pri \u00fanave<\/li>\n<li>Lemon tea tree- \u010dist\u00ed, dezinfikuje a osvie\u017euje<\/li>\n<\/ul>\n<p><strong>Vitam\u00edny A, E, F, lecit\u00edn<\/strong><\/p>\n<p><strong>Obsah balenia :\u00a0<\/strong>50 ml<\/p>\n<p>&nbsp;<\/p>\n","protected":false},"excerpt":{"rendered":"<p><strong>Obsah balenia :\u00a050 ml<\/strong><\/p>\n","protected":false},"featured_media":858,"comment_status":"closed","ping_status":"closed","template":"","meta":[],"_links":{"self":[{"href":"http:\/\/cajovnajasminka.sk\/index.php?rest_route=\/wp\/v2\/product\/855"}],"collection":[{"href":"http:\/\/cajovnajasminka.sk\/index.php?rest_route=\/wp\/v2\/product"}],"about":[{"href":"http:\/\/cajovnajasminka.sk\/index.php?rest_route=\/wp\/v2\/types\/product"}],"replies":[{"embeddable":true,"href":"http:\/\/cajovnajasminka.sk\/index.php?rest_route=%2Fwp%2Fv2%2Fcomments&post=855"}],"wp:featuredmedia":[{"embeddable":true,"href":"http:\/\/cajovnajasminka.sk\/index.php?rest_route=\/wp\/v2\/media\/858"}],"wp:attachment":[{"href":"http:\/\/cajovnajasminka.sk\/index.php?rest_route=%2Fwp%2Fv2%2Fmedia&parent=855"}],"curies":[{"name":"wp","href":"https:\/\/api.w.org\/{rel}","templated":true}]}}