{"id":832,"date":"2017-07-04T19:45:25","date_gmt":"2017-07-04T17:45:25","guid":{"rendered":"http:\/\/cajovnajasminka.sk\/?post_type=product&#038;p=832"},"modified":"2020-03-24T17:55:03","modified_gmt":"2020-03-24T16:55:03","slug":"body-fit-telovy-a-masazny-olej","status":"publish","type":"product","link":"http:\/\/cajovnajasminka.sk\/?product=body-fit-telovy-a-masazny-olej","title":{"rendered":"Body fit &#8211; telov\u00fd a mas\u00e1\u017eny olej"},"content":{"rendered":"<p>Telov\u00e9 a mas\u00e1\u017ene oleje zna\u010dky Saloos s\u00fa\u00a0osvie\u017euj\u00face oleje ur\u010den\u00e9 na ka\u017edodenn\u00e9 o\u0161etrenie poko\u017eky i k povzbudzuj\u00facej mas\u00e1\u017ei.\u00a0Rastlinn\u00e9 bio oleje poko\u017eku \u00a0vy\u017eivuj\u00fa a zvl\u00e1\u010d\u0148uj\u00fa.<\/p>\n<ul>\n<li><strong>Mas\u00e1\u017eny olej ide\u00e1lny pre starostlivos\u0165 o poko\u017eku a svaly pri \u0161porte a fitness. Pou\u017e\u00edva sa pred telesnou aktivitou aj po nej.\u00a0Pred ve\u013ekou svalovou z\u00e1\u0165a\u017eou dobre zahrieva a prekrvuje poko\u017eku aj svaly, \u010d\u00edm zni\u017euje riziko zranenia. Po telesnom v\u00fdkone podporuje uvo\u013enenie a zmier\u0148uje svalov\u00e9 nap\u00e4tie.\u00a0Zabudnete na bolesti pri rannom vst\u00e1van\u00ed.<\/strong><\/li>\n<\/ul>\n<p><strong> Zlo\u017eenie:<br \/>\n<\/strong><\/p>\n<div><strong>Oleje lisovan\u00e9 za studena:<\/strong><\/div>\n<ul>\n<li>Marhu\u013eov\u00fd, Makadamiov\u00fd, Mand\u013eov\u00fd , Bio-slne\u010dnicov\u00fd<\/li>\n<\/ul>\n<p><strong>100% esenci\u00e1lne oleje:<\/strong><\/p>\n<div>\n<ul>\n<li>Rozmar\u00edn &#8211; odb\u00farava svalov\u00e9 bolesti, p\u00f4sob\u00ed hojivo<\/li>\n<li>Borovica &#8211; stimuluje prekrvenie perif\u00e9rnych ciev, u\u013eavuje od bolesti<\/li>\n<li>Lemongrass &#8211; na drobn\u00e9 poranenia a v\u00fdrony, zmier\u0148uje opuchy<\/li>\n<li>a \u010fal\u0161ie<\/li>\n<\/ul>\n<\/div>\n<p><strong>Vitam\u00edny A, E, F, lecit\u00edn<\/strong><\/p>\n<p><strong>Obsah balenia :\u00a0<\/strong>50 ml<\/p>\n<p>&nbsp;<\/p>\n","protected":false},"excerpt":{"rendered":"<p><strong>Obsah balenia :\u00a050 ml<\/strong><\/p>\n","protected":false},"featured_media":838,"comment_status":"closed","ping_status":"closed","template":"","meta":[],"_links":{"self":[{"href":"http:\/\/cajovnajasminka.sk\/index.php?rest_route=\/wp\/v2\/product\/832"}],"collection":[{"href":"http:\/\/cajovnajasminka.sk\/index.php?rest_route=\/wp\/v2\/product"}],"about":[{"href":"http:\/\/cajovnajasminka.sk\/index.php?rest_route=\/wp\/v2\/types\/product"}],"replies":[{"embeddable":true,"href":"http:\/\/cajovnajasminka.sk\/index.php?rest_route=%2Fwp%2Fv2%2Fcomments&post=832"}],"wp:featuredmedia":[{"embeddable":true,"href":"http:\/\/cajovnajasminka.sk\/index.php?rest_route=\/wp\/v2\/media\/838"}],"wp:attachment":[{"href":"http:\/\/cajovnajasminka.sk\/index.php?rest_route=%2Fwp%2Fv2%2Fmedia&parent=832"}],"curies":[{"name":"wp","href":"https:\/\/api.w.org\/{rel}","templated":true}]}}