{"id":800,"date":"2017-07-03T13:49:09","date_gmt":"2017-07-03T11:49:09","guid":{"rendered":"http:\/\/cajovnajasminka.sk\/?post_type=product&#038;p=800"},"modified":"2017-07-03T18:18:15","modified_gmt":"2017-07-03T16:18:15","slug":"levandula-odlicovacia-voda","status":"publish","type":"product","link":"http:\/\/cajovnajasminka.sk\/?product=levandula-odlicovacia-voda","title":{"rendered":"Levandu\u013ea &#8211; odli\u010dovacia voda"},"content":{"rendered":"<p>Hydrofiln\u00e9 odli\u010doavcie oleje zna\u010dky Saloos d\u00f4kladne a pritom \u0161etrne \u010distia ple\u0165, pred\u00e1vaj\u00fa jej silu pr\u00edrodn\u00fdch l\u00e1tok, zjem\u0148uj\u00fa a uk\u013eud\u0148uj\u00fa. Pripravuj\u00fa ju pre \u010fal\u0161ie o\u0161etrenie a regener\u00e1ciu. S\u00fa vhodn\u00e9\u00a0na odli\u010dovanie vr\u00e1tane jemn\u00fdch o\u010dn\u00fdch parti\u00ed na citliv\u00fa ple\u0165 so sklonom k podr\u00e1\u017edeniu odli\u010duj\u00fa aj vodeodoln\u00fd make &#8211; up.<\/p>\n<ul>\n<li>Levandu\u013eov\u00e1 silica pon\u00faka v\u0161estrann\u00fa starostlivos\u0165 o v\u0161etky typy pleti<\/li>\n<li>Odli\u010dovac\u00ed olej p\u00f4sob\u00ed protiz\u00e1palovo, uk\u013eud\u0148uje a dezinfikuje<\/li>\n<li>Jemne \u010dist\u00ed zap\u00e1len\u00fa poko\u017eku, stlmuje alergick\u00e9 prejavy<\/li>\n<li>Zrel\u00fa ple\u0165 osvie\u017ei a prejasn\u00ed<\/li>\n<li>Nezamenite\u013en\u00e1 v\u00f4\u0148a Levandule upokojuje psychiku a pom\u00e1ha pri nespavosti<\/li>\n<\/ul>\n<p><strong> Zlo\u017eenie:<br \/>\n<\/strong><\/p>\n<ul>\n<li>Olej lisovan\u00fd za studena bio slne\u010dnicov\u00fd, sezamov\u00fd<\/li>\n<li>Esenci\u00e1lny olej Levandu\u013ea extra<\/li>\n<li>PEG-40 Sorbitan peroleate, Laureth-4, Lecitin<\/li>\n<li>Vitam\u00edny A, E, F<\/li>\n<\/ul>\n<p><strong>Obsah balenia :\u00a0<\/strong>50 ml<\/p>\n<p><strong>Pou\u017eitie :\u00a0<\/strong><\/p>\n<p>Na vlhk\u00fd kozmetick\u00fd tamp\u00f3n nanies\u0165 nieko\u013eko kvapiek oleja. Vlhkos\u0165 je d\u00f4le\u017eit\u00e1, preto\u017ee voda spolo\u010dne s odli\u010dovac\u00edm olejom \u00a0vytvor\u00ed emulziu, ktor\u00e1 ple\u0165 kr\u00e1sne vy\u010dist\u00ed. Ple\u0165 je nutn\u00e9 \u010disti\u0165 r\u00e1no i ve\u010der a zbavi\u0165 ju nielen ne\u010dist\u00f4t ale i prebyto\u010dn\u00e9ho mazu. Na vonkaj\u0161ie pou\u017eitie.<\/p>\n","protected":false},"excerpt":{"rendered":"<p><strong>Obsah balenia :\u00a050 ml<\/strong><\/p>\n","protected":false},"featured_media":805,"comment_status":"closed","ping_status":"closed","template":"","meta":[],"_links":{"self":[{"href":"http:\/\/cajovnajasminka.sk\/index.php?rest_route=\/wp\/v2\/product\/800"}],"collection":[{"href":"http:\/\/cajovnajasminka.sk\/index.php?rest_route=\/wp\/v2\/product"}],"about":[{"href":"http:\/\/cajovnajasminka.sk\/index.php?rest_route=\/wp\/v2\/types\/product"}],"replies":[{"embeddable":true,"href":"http:\/\/cajovnajasminka.sk\/index.php?rest_route=%2Fwp%2Fv2%2Fcomments&post=800"}],"wp:featuredmedia":[{"embeddable":true,"href":"http:\/\/cajovnajasminka.sk\/index.php?rest_route=\/wp\/v2\/media\/805"}],"wp:attachment":[{"href":"http:\/\/cajovnajasminka.sk\/index.php?rest_route=%2Fwp%2Fv2%2Fmedia&parent=800"}],"curies":[{"name":"wp","href":"https:\/\/api.w.org\/{rel}","templated":true}]}}