{"id":766,"date":"2017-07-02T15:09:16","date_gmt":"2017-07-02T13:09:16","guid":{"rendered":"http:\/\/cajovnajasminka.sk\/?post_type=product&#038;p=766"},"modified":"2017-07-02T18:27:24","modified_gmt":"2017-07-02T16:27:24","slug":"rozmaryna-pletova-voda","status":"publish","type":"product","link":"http:\/\/cajovnajasminka.sk\/?product=rozmaryna-pletova-voda","title":{"rendered":"Rozmar\u00fdna &#8211; ple\u0165ov\u00e1 voda"},"content":{"rendered":"<p>Kvetinov\u00e9 ple\u0165ov\u00e9 vody zna\u010dky Saloos dokonale \u010distia, tonizuj\u00fa a hydratuj\u00fa ple\u0165. Udr\u017euj\u00fa prirodzen\u00fa vlhkos\u0165. Pou\u017eitie je ve\u013emi pr\u00edjemn\u00e9 v\u010faka kvetinovej v\u00f4ni na \u010disto pr\u00edrodnej b\u00e1ze bez syntetick\u00fdch vonn\u00fdch l\u00e1tok \u010di parfum\u00e1cie, v\u010faka tomu je mo\u017en\u00e9 pou\u017ei\u0165 k inhal\u00e1ci\u00e1m prida\u0165 do k\u00fape\u013ea \u010di zvlh\u010dova\u010dov vzduchu.\u00a0Upokojuj\u00fa a mierne dezinfikuj\u00fa poko\u017eku preto je vhodn\u00e9 ich pou\u017eiva\u0165 aj po holen\u00ed \u010di depil\u00e1ci\u00ed aj ako obklad pri podr\u00e1\u017eden\u00ed. Napom\u00e1haj\u00fa aj k lep\u0161iemu roz\u010des\u00e1vaniu vlasov a regeneruj\u00fa vlasov\u00fa poko\u017eku. S\u00fa vhodn\u00e9 na ka\u017ed\u00fd typ pleti.<\/p>\n<ul>\n<li>Je vhodn\u00e1 predov\u0161etk\u00fdm pre mastn\u00fa a zmie\u0161an\u00fa ple\u0165, upokojuje akn\u00e9, pom\u00e1ha pri hojen\u00ed z\u00e1palov<\/li>\n<li>Ide\u00e1lne tonikum pre seniorov, prid\u00e1va sa do rann\u00fdch k\u00fape\u013eov pri o\u010distn\u00fdch k\u00farach<\/li>\n<li>K osvie\u017eeniu na cest\u00e1ch,\u00a0 na obklady alebo na potieranie poko\u017eky<\/li>\n<li>U\u013eah\u010duje roz\u010des\u00e1vanie vlasov, posil\u0148uje vlasov\u00e9 korienky, zabra\u0148uje pr\u00edli\u0161n\u00e9mu masteniu<\/li>\n<li>Upokojuje poko\u017eku po holen\u00ed a depil\u00e1cii<\/li>\n<li>Posil\u0148uje \u010dinnos\u0165 srdca, stimuluje krvn\u00fd obeh<\/li>\n<\/ul>\n<p><strong> Zlo\u017eenie:<br \/>\n<\/strong><\/p>\n<p>\u010dist\u00fd vodn\u00fd destil\u00e1t z listov rozmar\u00ednu, alkohol 2%<\/p>\n<p><strong>Obsah balenia :\u00a0<\/strong>50 ml + rozpra\u0161ova\u010d<\/p>\n<p><strong>Na vonkaj\u0161ie pou\u017eitie\u00a0<\/strong><\/p>\n","protected":false},"excerpt":{"rendered":"<p><strong>Obsah balenia :\u00a050 ml<\/strong><\/p>\n","protected":false},"featured_media":789,"comment_status":"closed","ping_status":"closed","template":"","meta":[],"_links":{"self":[{"href":"http:\/\/cajovnajasminka.sk\/index.php?rest_route=\/wp\/v2\/product\/766"}],"collection":[{"href":"http:\/\/cajovnajasminka.sk\/index.php?rest_route=\/wp\/v2\/product"}],"about":[{"href":"http:\/\/cajovnajasminka.sk\/index.php?rest_route=\/wp\/v2\/types\/product"}],"replies":[{"embeddable":true,"href":"http:\/\/cajovnajasminka.sk\/index.php?rest_route=%2Fwp%2Fv2%2Fcomments&post=766"}],"wp:featuredmedia":[{"embeddable":true,"href":"http:\/\/cajovnajasminka.sk\/index.php?rest_route=\/wp\/v2\/media\/789"}],"wp:attachment":[{"href":"http:\/\/cajovnajasminka.sk\/index.php?rest_route=%2Fwp%2Fv2%2Fmedia&parent=766"}],"curies":[{"name":"wp","href":"https:\/\/api.w.org\/{rel}","templated":true}]}}