{"id":756,"date":"2017-07-02T13:43:20","date_gmt":"2017-07-02T11:43:20","guid":{"rendered":"http:\/\/cajovnajasminka.sk\/?post_type=product&#038;p=756"},"modified":"2017-07-02T18:13:10","modified_gmt":"2017-07-02T16:13:10","slug":"mata-pieporna-pletova-voda","status":"publish","type":"product","link":"http:\/\/cajovnajasminka.sk\/?product=mata-pieporna-pletova-voda","title":{"rendered":"M\u00e4ta pieporn\u00e1 &#8211; ple\u0165ov\u00e1 voda"},"content":{"rendered":"<p>Kvetinov\u00e9 ple\u0165ov\u00e9 vody zna\u010dky Saloos dokonale \u010distia, tonizuj\u00fa a hydratuj\u00fa ple\u0165. Udr\u017euj\u00fa prirodzen\u00fa vlhkos\u0165. Pou\u017eitie je ve\u013emi pr\u00edjemn\u00e9 v\u010faka kvetinovej v\u00f4ni na \u010disto pr\u00edrodnej b\u00e1ze bez syntetick\u00fdch vonn\u00fdch l\u00e1tok \u010di parfum\u00e1cie, v\u010faka tomu je mo\u017en\u00e9 pou\u017ei\u0165 k inhal\u00e1ci\u00e1m prida\u0165 do k\u00fape\u013ea \u010di zvlh\u010dova\u010dov vzduchu.\u00a0Upokojuj\u00fa a mierne dezinfikuj\u00fa poko\u017eku preto je vhodn\u00e9 ich pou\u017eiva\u0165 aj po holen\u00ed \u010di depil\u00e1ci\u00ed aj ako obklad pri podr\u00e1\u017eden\u00ed. Napom\u00e1haj\u00fa aj k lep\u0161iemu roz\u010des\u00e1vaniu vlasov a regeneruj\u00fa vlasov\u00fa poko\u017eku. S\u00fa vhodn\u00e9 na ka\u017ed\u00fd typ pleti.<\/p>\n<ul>\n<li>Z\u00edskava sa z \u010derstv\u00fdch listov m\u00e4ty piepornej, ktor\u00e1 je charakteristick\u00e1 \u010distou a svie\u017eou v\u00f4\u0148ou<\/li>\n<li>Je vhodn\u00e1 predov\u0161etk\u00fdm pre mastn\u00fa a zmie\u0161an\u00fa ple\u0165<\/li>\n<li>\u010cist\u00ed a upokojuje akn\u00e9, o\u017eivuje unaven\u00fa ple\u0165<\/li>\n<li>Upokojuje poko\u017eku po holen\u00ed a depil\u00e1cii<\/li>\n<li>U\u013eah\u010duje roz\u010des\u00e1vanie vlasov, zabra\u0148uje ich nadmern\u00e9mu masteniu vlasov<\/li>\n<li>K osvie\u017eeniu na cest\u00e1ch,\u00a0 na obklady alebo na potieranie poko\u017eky<\/li>\n<li>\u00da\u010dinn\u00e1 pri bolestiach hlavy a migr\u00e9ne, bronchit\u00edde a astme<\/li>\n<\/ul>\n<p><strong> Zlo\u017eenie:<br \/>\n<\/strong><\/p>\n<p>\u010dist\u00fd vodn\u00fd destil\u00e1t z m\u00e4ty piepornej, alkohol 2%<\/p>\n<p><strong>Obsah balenia :\u00a0<\/strong>50 ml + rozpra\u0161ova\u010d<\/p>\n<p><strong>Na vonkaj\u0161ie pou\u017eitie\u00a0<\/strong><\/p>\n","protected":false},"excerpt":{"rendered":"<p><strong>Obsah balenia :\u00a050 ml<\/strong><\/p>\n","protected":false},"featured_media":787,"comment_status":"closed","ping_status":"closed","template":"","meta":[],"_links":{"self":[{"href":"http:\/\/cajovnajasminka.sk\/index.php?rest_route=\/wp\/v2\/product\/756"}],"collection":[{"href":"http:\/\/cajovnajasminka.sk\/index.php?rest_route=\/wp\/v2\/product"}],"about":[{"href":"http:\/\/cajovnajasminka.sk\/index.php?rest_route=\/wp\/v2\/types\/product"}],"replies":[{"embeddable":true,"href":"http:\/\/cajovnajasminka.sk\/index.php?rest_route=%2Fwp%2Fv2%2Fcomments&post=756"}],"wp:featuredmedia":[{"embeddable":true,"href":"http:\/\/cajovnajasminka.sk\/index.php?rest_route=\/wp\/v2\/media\/787"}],"wp:attachment":[{"href":"http:\/\/cajovnajasminka.sk\/index.php?rest_route=%2Fwp%2Fv2%2Fmedia&parent=756"}],"curies":[{"name":"wp","href":"https:\/\/api.w.org\/{rel}","templated":true}]}}