{"id":754,"date":"2017-07-02T13:43:18","date_gmt":"2017-07-02T11:43:18","guid":{"rendered":"http:\/\/cajovnajasminka.sk\/?post_type=product&#038;p=754"},"modified":"2017-07-02T18:07:51","modified_gmt":"2017-07-02T16:07:51","slug":"ruza-pletova-voda","status":"publish","type":"product","link":"http:\/\/cajovnajasminka.sk\/?product=ruza-pletova-voda","title":{"rendered":"Ru\u017ea &#8211; ple\u0165ov\u00e1 voda"},"content":{"rendered":"<p>Kvetinov\u00e9 ple\u0165ov\u00e9 vody zna\u010dky Saloos dokonale \u010distia, tonizuj\u00fa a hydratuj\u00fa ple\u0165. Udr\u017euj\u00fa prirodzen\u00fa vlhkos\u0165. Pou\u017eitie je ve\u013emi pr\u00edjemn\u00e9 v\u010faka kvetinovej v\u00f4ni na \u010disto pr\u00edrodnej b\u00e1ze bez syntetick\u00fdch vonn\u00fdch l\u00e1tok \u010di parfum\u00e1cie, v\u010faka tomu je mo\u017en\u00e9 pou\u017ei\u0165 k inhal\u00e1ci\u00e1m prida\u0165 do k\u00fape\u013ea \u010di zvlh\u010dova\u010dov vzduchu.\u00a0Upokojuj\u00fa a mierne dezinfikuj\u00fa poko\u017eku preto je vhodn\u00e9 ich pou\u017eiva\u0165 aj po holen\u00ed \u010di depil\u00e1ci\u00ed aj ako obklad pri podr\u00e1\u017eden\u00ed. Napom\u00e1haj\u00fa aj k lep\u0161iemu roz\u010des\u00e1vaniu vlasov a regeneruj\u00fa vlasov\u00fa poko\u017eku. S\u00fa vhodn\u00e9 na ka\u017ed\u00fd typ pleti.<\/p>\n<ul>\n<li>Je vhodn\u00e1 pre v\u0161etky typy pleti, najm\u00e4 pre citliv\u00fa a zrel\u00fa<\/li>\n<li>\u010cist\u00ed, tonizuje a prejas\u0148uje ple\u0165<\/li>\n<li>Povzbudzuje psychiku, \u00fa\u010dinn\u00e1 pri depresi\u00e1ch a sm\u00fatku<\/li>\n<li>Ochladzuje pri z\u00e1paloch a s\u010dervenan\u00ed, je mierne adstringentn\u00e1<\/li>\n<li>U\u013eah\u010duje roz\u010des\u00e1vanie vlasov, regeneruje vlasov\u00fa poko\u017eku<\/li>\n<li>K osvie\u017eeniu na cest\u00e1ch,\u00a0 na obklady alebo na potieranie poko\u017eky<\/li>\n<li>Upokojuje poko\u017eku po holen\u00ed a depil\u00e1cii<\/li>\n<\/ul>\n<p><strong> Zlo\u017eenie:<br \/>\n<\/strong><\/p>\n<p>\u010cist\u00fd vodn\u00fd destil\u00e1t z ru\u017eov\u00fdch kvetov alkohol 2%<\/p>\n<p><strong>Obsah balenia :\u00a0<\/strong>50 ml + rozpra\u0161ova\u010d<\/p>\n<p><strong>Na vonkaj\u0161ie pou\u017eitie\u00a0<\/strong><\/p>\n","protected":false},"excerpt":{"rendered":"<p><strong>Obsah balenia :\u00a050 ml<\/strong><\/p>\n","protected":false},"featured_media":781,"comment_status":"closed","ping_status":"closed","template":"","meta":[],"_links":{"self":[{"href":"http:\/\/cajovnajasminka.sk\/index.php?rest_route=\/wp\/v2\/product\/754"}],"collection":[{"href":"http:\/\/cajovnajasminka.sk\/index.php?rest_route=\/wp\/v2\/product"}],"about":[{"href":"http:\/\/cajovnajasminka.sk\/index.php?rest_route=\/wp\/v2\/types\/product"}],"replies":[{"embeddable":true,"href":"http:\/\/cajovnajasminka.sk\/index.php?rest_route=%2Fwp%2Fv2%2Fcomments&post=754"}],"wp:featuredmedia":[{"embeddable":true,"href":"http:\/\/cajovnajasminka.sk\/index.php?rest_route=\/wp\/v2\/media\/781"}],"wp:attachment":[{"href":"http:\/\/cajovnajasminka.sk\/index.php?rest_route=%2Fwp%2Fv2%2Fmedia&parent=754"}],"curies":[{"name":"wp","href":"https:\/\/api.w.org\/{rel}","templated":true}]}}