{"id":746,"date":"2017-06-30T22:53:23","date_gmt":"2017-06-30T20:53:23","guid":{"rendered":"http:\/\/cajovnajasminka.sk\/?post_type=product&#038;p=746"},"modified":"2017-07-02T18:06:24","modified_gmt":"2017-07-02T16:06:24","slug":"rozmaryna","status":"publish","type":"product","link":"http:\/\/cajovnajasminka.sk\/?product=rozmaryna","title":{"rendered":"Rozmar\u00fdna &#8211; sprchov\u00fd olej"},"content":{"rendered":"<p>Sprchov\u00e9 oleje <em>Saloos\u00a0<\/em>poko\u017eku obohacuj\u00fa o cenn\u00e9 l\u00e1tky ako s\u00fa vitam\u00edny a biostimul\u00e1tory (biostimul\u00e1cia &#8211; zvy\u0161ovanie obranyschopnosti organizmu). Nezanech\u00e1vaj\u00fa pocit mastnoty a z\u00e1rove\u0148 ju zachov\u00e1vaj\u00fa \u010dist\u00fa, hebk\u00fa a vl\u00e1\u010dnu. \u00da\u017easn\u00e9 v\u00f4ne esenci\u00e1lnych olejov ovplyv\u0148uj\u00fa nervov\u00fd syst\u00e9m e\u0161te dlho po um\u00fdvan\u00ed.<\/p>\n<ul>\n<li>M\u00e1 stimuluj\u00face a harmonizuj\u00face\u00a0 \u00fa\u010dinky, napom\u00e1ha koncentr\u00e1cii, zmier\u0148uje bolesti hlavy a migr\u00e9ny<\/li>\n<li>Prin\u00e1\u0161a \u00fa\u013eavu pri prechladnut\u00ed a d\u00fdchac\u00edch \u0165a\u017ekostiach, podporuje potenie<\/li>\n<li>Je vhodn\u00fd pri reumatizme a svalov\u00fdch bolestiach, m\u00e1 antiseptick\u00e9 a antispazmatick\u00e9 \u00fa\u010dinky<\/li>\n<li>Prehrieva a prekrvuje kon\u010datiny<\/li>\n<\/ul>\n<p><strong> Zlo\u017eenie:<br \/>\n<\/strong><\/p>\n<ul>\n<li>Olej lisovan\u00fd za studena bio slne\u010dnicov\u00fd<\/li>\n<li>Esenci\u00e1lny olej Rozmar\u00edn<\/li>\n<li>PEG-40 Sorbitan peroleate, Laureth-4, Lecitin<\/li>\n<li>Vitam\u00edny A, E, F<\/li>\n<\/ul>\n<p><strong>Obsah balenia :\u00a0<\/strong>125 ml<\/p>\n<p><strong>Na vonkaj\u0161ie pou\u017eitie\u00a0<\/strong><\/p>\n","protected":false},"excerpt":{"rendered":"<p><strong>Obsah balenia :\u00a0125 ml\u00a0<\/strong><\/p>\n","protected":false},"featured_media":780,"comment_status":"closed","ping_status":"closed","template":"","meta":[],"_links":{"self":[{"href":"http:\/\/cajovnajasminka.sk\/index.php?rest_route=\/wp\/v2\/product\/746"}],"collection":[{"href":"http:\/\/cajovnajasminka.sk\/index.php?rest_route=\/wp\/v2\/product"}],"about":[{"href":"http:\/\/cajovnajasminka.sk\/index.php?rest_route=\/wp\/v2\/types\/product"}],"replies":[{"embeddable":true,"href":"http:\/\/cajovnajasminka.sk\/index.php?rest_route=%2Fwp%2Fv2%2Fcomments&post=746"}],"wp:featuredmedia":[{"embeddable":true,"href":"http:\/\/cajovnajasminka.sk\/index.php?rest_route=\/wp\/v2\/media\/780"}],"wp:attachment":[{"href":"http:\/\/cajovnajasminka.sk\/index.php?rest_route=%2Fwp%2Fv2%2Fmedia&parent=746"}],"curies":[{"name":"wp","href":"https:\/\/api.w.org\/{rel}","templated":true}]}}