{"id":718,"date":"2017-06-30T15:02:13","date_gmt":"2017-06-30T13:02:13","guid":{"rendered":"http:\/\/cajovnajasminka.sk\/?post_type=product&#038;p=718"},"modified":"2020-03-22T13:04:31","modified_gmt":"2020-03-22T12:04:31","slug":"granatove-jablko-2","status":"publish","type":"product","link":"http:\/\/cajovnajasminka.sk\/?product=granatove-jablko-2","title":{"rendered":"Gran\u00e1tov\u00e9 jablko &#8211; ple\u0165ov\u00fd olej"},"content":{"rendered":"<p>Regenera\u010dn\u00e9 ple\u0165ov\u00e9 oleje \u00a0zna\u010dky Saloos spoma\u013euj\u00fa proces starnutia poko\u017eky, p\u00f4sobia proti tvorbe vr\u00e1sok, zvy\u0161uj\u00fa pevnos\u0165 medzibunkovej steny. Udr\u017euj\u00fa prirodzen\u00fa rovnov\u00e1hu pleti a harmonizuj\u00fa funkciu poko\u017eky, \u010falej zlep\u0161uj\u00fa jej prirodzen\u00e9 regenera\u010dn\u00e9 schopnosti, dlhodobo udr\u017euj\u00fa jej hydrata\u010dn\u00fd re\u017eim. Prebudia unaven\u00fa ple\u0165 k \u017eivotu, udr\u017euj\u00fa ju vl\u00e1\u010dnu a pru\u017en\u00fa, zvy\u0161uj\u00fa jej pevnos\u0165. Maj\u00fa hojiv\u00e9 a antiseptick\u00e9 \u00fa\u010dinky. Chr\u00e1nia ple\u0165 pred \u0161kodliv\u00fdmi \u00fa\u010dinkami \u017eivotn\u00e9ho prostredia. Ich pr\u00edjemn\u00e1 v\u00f4\u0148a podporuje kompletn\u00e9 uvo\u013enenie a navodzuje okam\u017eit\u00fd pocit pohody. Prirodzene spl\u00fdvaj\u00fa s poko\u017ekou, ve\u013emi r\u00fdchlo sa vstreb\u00e1vaj\u00fa, zanech\u00e1vaj\u00fa ple\u0165 vl\u00e1\u010dnu bez pocitu mastnoty. S\u00fa vhodn\u00e9 pre v\u0161etky typy pleti, ve\u013emi dobre p\u00f4sobia aj na problematick\u00fa a citliv\u00fa ple\u0165, ktor\u00e1 inak neznesie \u017eiadne kr\u00e9my.<\/p>\n<ul>\n<li>Revitalizuje a omladzuje<\/li>\n<li>P\u00f4sob\u00ed proti vr\u00e1skam<\/li>\n<li>Dod\u00e1va pleti pestovan\u00fd vzh\u013ead<\/li>\n<\/ul>\n<p><strong> Zlo\u017eenie:<br \/>\n<\/strong><\/p>\n<ul>\n<li>Oleje lisovan\u00e9 za studena bio jojobov\u00fd, bor\u00e1kov\u00fd a \u0161\u00edpkov\u00fd<\/li>\n<li>Olej zo semien gran\u00e1tov\u00e9ho jablka lisovan\u00fd za studena<\/li>\n<li>Zmes \u00e9terick\u00fdch olejov<\/li>\n<li>Vitam\u00edny A, E, F, lecit\u00edn<\/li>\n<\/ul>\n<p><strong>Obsah balenia :\u00a0<\/strong>20 ml + kvap\u00e1tko<\/p>\n<p><strong>Na vonkaj\u0161ie pou\u017eitie\u00a0<\/strong><\/p>\n","protected":false},"excerpt":{"rendered":"<p><strong>Obsah balenia : 20 ml\u00a0<\/strong><\/p>\n","protected":false},"featured_media":725,"comment_status":"closed","ping_status":"closed","template":"","meta":[],"_links":{"self":[{"href":"http:\/\/cajovnajasminka.sk\/index.php?rest_route=\/wp\/v2\/product\/718"}],"collection":[{"href":"http:\/\/cajovnajasminka.sk\/index.php?rest_route=\/wp\/v2\/product"}],"about":[{"href":"http:\/\/cajovnajasminka.sk\/index.php?rest_route=\/wp\/v2\/types\/product"}],"replies":[{"embeddable":true,"href":"http:\/\/cajovnajasminka.sk\/index.php?rest_route=%2Fwp%2Fv2%2Fcomments&post=718"}],"wp:featuredmedia":[{"embeddable":true,"href":"http:\/\/cajovnajasminka.sk\/index.php?rest_route=\/wp\/v2\/media\/725"}],"wp:attachment":[{"href":"http:\/\/cajovnajasminka.sk\/index.php?rest_route=%2Fwp%2Fv2%2Fmedia&parent=718"}],"curies":[{"name":"wp","href":"https:\/\/api.w.org\/{rel}","templated":true}]}}