{"id":715,"date":"2017-06-30T15:02:10","date_gmt":"2017-06-30T13:02:10","guid":{"rendered":"http:\/\/cajovnajasminka.sk\/?post_type=product&#038;p=715"},"modified":"2020-03-22T13:05:02","modified_gmt":"2020-03-22T12:05:02","slug":"ruza","status":"publish","type":"product","link":"http:\/\/cajovnajasminka.sk\/?product=ruza","title":{"rendered":"Ru\u017ea &#8211; ple\u0165ov\u00fd olej"},"content":{"rendered":"<p>Regenera\u010dn\u00e9 ple\u0165ov\u00e9 oleje \u00a0zna\u010dky Saloos spoma\u013euj\u00fa proces starnutia poko\u017eky, p\u00f4sobia proti tvorbe vr\u00e1sok, zvy\u0161uj\u00fa pevnos\u0165 medzibunkovej steny. Udr\u017euj\u00fa prirodzen\u00fa rovnov\u00e1hu pleti a harmonizuj\u00fa funkciu poko\u017eky, \u010falej zlep\u0161uj\u00fa jej prirodzen\u00e9 regenera\u010dn\u00e9 schopnosti, dlhodobo udr\u017euj\u00fa jej hydrata\u010dn\u00fd re\u017eim. Prebudia unaven\u00fa ple\u0165 k \u017eivotu, udr\u017euj\u00fa ju vl\u00e1\u010dnu a pru\u017en\u00fa, zvy\u0161uj\u00fa jej pevnos\u0165. Maj\u00fa hojiv\u00e9 a antiseptick\u00e9 \u00fa\u010dinky. Chr\u00e1nia ple\u0165 pred \u0161kodliv\u00fdmi \u00fa\u010dinkami \u017eivotn\u00e9ho prostredia. Ich pr\u00edjemn\u00e1 v\u00f4\u0148a podporuje kompletn\u00e9 uvo\u013enenie a navodzuje okam\u017eit\u00fd pocit pohody. Prirodzene spl\u00fdvaj\u00fa s poko\u017ekou, ve\u013emi r\u00fdchlo sa vstreb\u00e1vaj\u00fa, zanech\u00e1vaj\u00fa ple\u0165 vl\u00e1\u010dnu bez pocitu mastnoty. S\u00fa vhodn\u00e9 pre v\u0161etky typy pleti, ve\u013emi dobre p\u00f4sobia aj na problematick\u00fa a citliv\u00fa ple\u0165, ktor\u00e1 inak neznesie \u017eiadne kr\u00e9my.<\/p>\n<ul>\n<li>Exkluz\u00edvna starostlivos\u0165 o v\u0161etky typy pleti vr\u00e1tane tej najcitlivej\u0161ej<\/li>\n<li>Vy\u017eivuje a tonizuje, m\u00e1 \u010distiace \u00fa\u010dinky<\/li>\n<li>Zmier\u0148uje z\u00e1paly a upokojuje podr\u00e1\u017eden\u00fa poko\u017eku<\/li>\n<li>Dod\u00e1va pocit sebaistoty \u017een\u00e1m pred p\u00f4rodom<\/li>\n<li>Harmonizuje psychiku a uvo\u013e\u0148uje nap\u00e4tie, p\u00f4sob\u00ed ako afrodiziakum<\/li>\n<li>Zrel\u00e1 ple\u0165 je op\u00e4\u0165 \u017eiariv\u00e1 a vit\u00e1lna<\/li>\n<\/ul>\n<p><strong> Zlo\u017eenie:<br \/>\n<\/strong><\/p>\n<ul>\n<li>Oleje Saloos lisovan\u00e9 za studena jojobov\u00fd a bor\u00e1kov\u00fd<\/li>\n<li>bio-\u0161\u00edpkov\u00fd olej Saloos<\/li>\n<li>Esenci\u00e1lne oleje Saloos\u00a0 &#8211; Ru\u017ea bulharsk\u00e1, Ru\u017ea marock\u00e1 a \u010fal\u0161ie<\/li>\n<li>Vitam\u00edny A, E, F, lecit\u00edn<\/li>\n<\/ul>\n<p><strong>Obsah balenia :\u00a0<\/strong>20 ml + kvap\u00e1tko<\/p>\n<p><strong>Na vonkaj\u0161ie pou\u017eitie\u00a0<\/strong><\/p>\n","protected":false},"excerpt":{"rendered":"<p><strong>Obsah balenia : 20 ml\u00a0<\/strong><\/p>\n","protected":false},"featured_media":722,"comment_status":"closed","ping_status":"closed","template":"","meta":[],"_links":{"self":[{"href":"http:\/\/cajovnajasminka.sk\/index.php?rest_route=\/wp\/v2\/product\/715"}],"collection":[{"href":"http:\/\/cajovnajasminka.sk\/index.php?rest_route=\/wp\/v2\/product"}],"about":[{"href":"http:\/\/cajovnajasminka.sk\/index.php?rest_route=\/wp\/v2\/types\/product"}],"replies":[{"embeddable":true,"href":"http:\/\/cajovnajasminka.sk\/index.php?rest_route=%2Fwp%2Fv2%2Fcomments&post=715"}],"wp:featuredmedia":[{"embeddable":true,"href":"http:\/\/cajovnajasminka.sk\/index.php?rest_route=\/wp\/v2\/media\/722"}],"wp:attachment":[{"href":"http:\/\/cajovnajasminka.sk\/index.php?rest_route=%2Fwp%2Fv2%2Fmedia&parent=715"}],"curies":[{"name":"wp","href":"https:\/\/api.w.org\/{rel}","templated":true}]}}