{"id":702,"date":"2017-06-30T13:06:11","date_gmt":"2017-06-30T11:06:11","guid":{"rendered":"http:\/\/cajovnajasminka.sk\/?post_type=product&#038;p=702"},"modified":"2017-07-01T13:20:55","modified_gmt":"2017-07-01T11:20:55","slug":"lemongrass","status":"publish","type":"product","link":"http:\/\/cajovnajasminka.sk\/?product=lemongrass","title":{"rendered":"Lemongrass &#8211; sprchov\u00fd olej"},"content":{"rendered":"<p>Sprchov\u00e9 oleje <em>Saloos\u00a0<\/em>poko\u017eku obohacuj\u00fa o cenn\u00e9 l\u00e1tky ako s\u00fa vitam\u00edny a biostimul\u00e1tory (biostimul\u00e1cia &#8211; zvy\u0161ovanie obranyschopnosti organizmu). Nezanech\u00e1vaj\u00fa pocit mastnoty a z\u00e1rove\u0148 ju zachov\u00e1vaj\u00fa \u010dist\u00fa, hebk\u00fa a vl\u00e1\u010dnu. \u00da\u017easn\u00e9 v\u00f4ne esenci\u00e1lnych olejov ovplyv\u0148uj\u00fa nervov\u00fd syst\u00e9m e\u0161te dlho po um\u00fdvan\u00ed.<\/p>\n<ul>\n<li>Napom\u00e1ha koncentr\u00e1cii<\/li>\n<li>Osvie\u017euje a povzbudzuje pri vy\u010derpan\u00ed<\/li>\n<li>P\u00f4sob\u00ed hojivo na v\u00fdrony a opuchy<\/li>\n<li>M\u00e1 antibakteri\u00e1lne \u00fa\u010dinky<\/li>\n<li>Jemn\u00e1 citrusov\u00e1 v\u00f4\u0148a je ob\u013e\u00faben\u00e1 aj u det\u00ed<\/li>\n<\/ul>\n<p><strong> Zlo\u017eenie:<br \/>\n<\/strong><\/p>\n<ul>\n<li>Olej lisovan\u00fd za studena bio slne\u010dnicov\u00fd<\/li>\n<li>Esenci\u00e1lny olej Lemongrass<\/li>\n<li>PEG-40 Sorbitan peroleate, Laureth-4, Lecitin<\/li>\n<li>Vitam\u00edny A, E, F<\/li>\n<\/ul>\n<p><strong>Obsah balenia :\u00a0<\/strong>125 ml<\/p>\n<p><strong>Na vonkaj\u0161ie pou\u017eitie\u00a0<\/strong><\/p>\n","protected":false},"excerpt":{"rendered":"<p><strong>Obsah balenia :\u00a0125 ml\u00a0<\/strong><\/p>\n","protected":false},"featured_media":706,"comment_status":"closed","ping_status":"closed","template":"","meta":[],"_links":{"self":[{"href":"http:\/\/cajovnajasminka.sk\/index.php?rest_route=\/wp\/v2\/product\/702"}],"collection":[{"href":"http:\/\/cajovnajasminka.sk\/index.php?rest_route=\/wp\/v2\/product"}],"about":[{"href":"http:\/\/cajovnajasminka.sk\/index.php?rest_route=\/wp\/v2\/types\/product"}],"replies":[{"embeddable":true,"href":"http:\/\/cajovnajasminka.sk\/index.php?rest_route=%2Fwp%2Fv2%2Fcomments&post=702"}],"wp:featuredmedia":[{"embeddable":true,"href":"http:\/\/cajovnajasminka.sk\/index.php?rest_route=\/wp\/v2\/media\/706"}],"wp:attachment":[{"href":"http:\/\/cajovnajasminka.sk\/index.php?rest_route=%2Fwp%2Fv2%2Fmedia&parent=702"}],"curies":[{"name":"wp","href":"https:\/\/api.w.org\/{rel}","templated":true}]}}