{"id":683,"date":"2017-06-28T19:07:16","date_gmt":"2017-06-28T17:07:16","guid":{"rendered":"http:\/\/cajovnajasminka.sk\/?post_type=product&#038;p=683"},"modified":"2017-07-01T13:25:38","modified_gmt":"2017-07-01T11:25:38","slug":"rakytnik-orange","status":"publish","type":"product","link":"http:\/\/cajovnajasminka.sk\/?product=rakytnik-orange","title":{"rendered":"Rakytn\u00edk &#8211; Orange &#8211; sprchov\u00fd olej"},"content":{"rendered":"<p>Sprchov\u00e9 oleje <em>Saloos\u00a0<\/em>poko\u017eku obohacuj\u00fa o cenn\u00e9 l\u00e1tky ako s\u00fa vitam\u00edny a biostimul\u00e1tory (biostimul\u00e1cia &#8211; zvy\u0161ovanie obranyschopnosti organizmu). Nezanech\u00e1vaj\u00fa pocit mastnoty a z\u00e1rove\u0148 ju zachov\u00e1vaj\u00fa \u010dist\u00fa, hebk\u00fa a vl\u00e1\u010dnu. \u00da\u017easn\u00e9 v\u00f4ne esenci\u00e1lnych olejov ovplyv\u0148uj\u00fa nervov\u00fd syst\u00e9m e\u0161te dlho po um\u00fdvan\u00ed.<\/p>\n<ul>\n<li>M\u00e1 hojiv\u00e9 a protiz\u00e1palov\u00e9 \u00fa\u010dinky<\/li>\n<li>Priaznivo p\u00f4sob\u00ed pri ko\u017en\u00fdch probl\u00e9moch<\/li>\n<li>Upokojuje a regeneruje presu\u0161en\u00fa poko\u017eku a podporuje tvorbu nov\u00e9ho tkaniva<\/li>\n<li>M\u00e1 povzbudzuj\u00face \u00fa\u010dinky a odplavuje stres<\/li>\n<li>Relaxa\u010dn\u00e1 a \u0161etrn\u00e1 telov\u00e1 hygiena<\/li>\n<\/ul>\n<p><strong> Zlo\u017eenie:<br \/>\n<\/strong><\/p>\n<ul>\n<li>Olej lisovan\u00fd za studena bio slne\u010dnicov\u00fd, bio sezamov\u00fd, rakytn\u00edkov\u00fd olej<\/li>\n<li>Zmes citrusov\u00fdch esenci\u00e1lnych olejov<\/li>\n<li>PEG-40 Sorbitan peroleate, Laureth-4, Lecitin<\/li>\n<li>Vitam\u00edny A, E, F<\/li>\n<\/ul>\n<p><strong>Obsah balenia :\u00a0<\/strong>125 ml<\/p>\n<p><strong>Na vonkaj\u0161ie pou\u017eitie\u00a0<\/strong><\/p>\n","protected":false},"excerpt":{"rendered":"<p><strong>Obsah balenia :\u00a0125 ml\u00a0<\/strong><\/p>\n","protected":false},"featured_media":688,"comment_status":"open","ping_status":"closed","template":"","meta":[],"_links":{"self":[{"href":"http:\/\/cajovnajasminka.sk\/index.php?rest_route=\/wp\/v2\/product\/683"}],"collection":[{"href":"http:\/\/cajovnajasminka.sk\/index.php?rest_route=\/wp\/v2\/product"}],"about":[{"href":"http:\/\/cajovnajasminka.sk\/index.php?rest_route=\/wp\/v2\/types\/product"}],"replies":[{"embeddable":true,"href":"http:\/\/cajovnajasminka.sk\/index.php?rest_route=%2Fwp%2Fv2%2Fcomments&post=683"}],"wp:featuredmedia":[{"embeddable":true,"href":"http:\/\/cajovnajasminka.sk\/index.php?rest_route=\/wp\/v2\/media\/688"}],"wp:attachment":[{"href":"http:\/\/cajovnajasminka.sk\/index.php?rest_route=%2Fwp%2Fv2%2Fmedia&parent=683"}],"curies":[{"name":"wp","href":"https:\/\/api.w.org\/{rel}","templated":true}]}}