{"id":682,"date":"2017-06-28T19:07:15","date_gmt":"2017-06-28T17:07:15","guid":{"rendered":"http:\/\/cajovnajasminka.sk\/?post_type=product&#038;p=682"},"modified":"2017-07-01T13:25:45","modified_gmt":"2017-07-01T11:25:45","slug":"granatove-jablko","status":"publish","type":"product","link":"http:\/\/cajovnajasminka.sk\/?product=granatove-jablko","title":{"rendered":"Gran\u00e1tov\u00e9 jablko &#8211; sprchov\u00fd olej"},"content":{"rendered":"<p>Sprchov\u00e9 oleje <em>Saloos\u00a0<\/em>poko\u017eku obohacuj\u00fa o cenn\u00e9 l\u00e1tky ako s\u00fa vitam\u00edny a biostimul\u00e1tory (biostimul\u00e1cia &#8211; zvy\u0161ovanie obranyschopnosti organizmu). Nezanech\u00e1vaj\u00fa pocit mastnoty a z\u00e1rove\u0148 ju zachov\u00e1vaj\u00fa \u010dist\u00fa, hebk\u00fa a vl\u00e1\u010dnu. \u00da\u017easn\u00e9 v\u00f4ne esenci\u00e1lnych olejov ovplyv\u0148uj\u00fa nervov\u00fd syst\u00e9m e\u0161te dlho po um\u00fdvan\u00ed.<\/p>\n<ul>\n<li>Pon\u00faka exkluz\u00edvnu a \u0161etrn\u00fa telov\u00fa hygienu<\/li>\n<li>Regeneruje a hydratuje poko\u017eku a zachov\u00e1va jej prirodzen\u00fa vlhkos\u0165<\/li>\n<li>Vytv\u00e1ra na pleti ochrann\u00fd film, nevysu\u0161uje<\/li>\n<li>Obnovuje elasticitu pleti<\/li>\n<li>Aktivizuje zmysly a nas\u00fdti myse\u013e svie\u017eos\u0165ou a optimizmom<\/li>\n<\/ul>\n<p><strong> Zlo\u017eenie:<br \/>\n<\/strong><\/p>\n<ul>\n<li>Olej lisovan\u00fd za studena bio slne\u010dnicov\u00fd<\/li>\n<li>Olej zo semien gran\u00e1tov\u00e9ho jablka, bio sezamov\u00fd olej<\/li>\n<li>Zmes eterick\u00fdch olejov<\/li>\n<li>PEG-40 Sorbitan peroleate, Laureth-4, Lecitin<\/li>\n<li>Vitam\u00edny A, E, F<\/li>\n<\/ul>\n<p><strong>Obsah balenia :\u00a0<\/strong>125 ml<\/p>\n<p><strong>Na vonkaj\u0161ie pou\u017eitie\u00a0<\/strong><\/p>\n","protected":false},"excerpt":{"rendered":"<p><strong>Obsah balenia :\u00a0125 ml\u00a0<\/strong><\/p>\n","protected":false},"featured_media":687,"comment_status":"open","ping_status":"closed","template":"","meta":[],"_links":{"self":[{"href":"http:\/\/cajovnajasminka.sk\/index.php?rest_route=\/wp\/v2\/product\/682"}],"collection":[{"href":"http:\/\/cajovnajasminka.sk\/index.php?rest_route=\/wp\/v2\/product"}],"about":[{"href":"http:\/\/cajovnajasminka.sk\/index.php?rest_route=\/wp\/v2\/types\/product"}],"replies":[{"embeddable":true,"href":"http:\/\/cajovnajasminka.sk\/index.php?rest_route=%2Fwp%2Fv2%2Fcomments&post=682"}],"wp:featuredmedia":[{"embeddable":true,"href":"http:\/\/cajovnajasminka.sk\/index.php?rest_route=\/wp\/v2\/media\/687"}],"wp:attachment":[{"href":"http:\/\/cajovnajasminka.sk\/index.php?rest_route=%2Fwp%2Fv2%2Fmedia&parent=682"}],"curies":[{"name":"wp","href":"https:\/\/api.w.org\/{rel}","templated":true}]}}