{"id":637,"date":"2017-06-09T10:41:52","date_gmt":"2017-06-09T08:41:52","guid":{"rendered":"http:\/\/cajovnajasminka.sk\/?post_type=product&#038;p=637"},"modified":"2023-02-19T13:57:50","modified_gmt":"2023-02-19T12:57:50","slug":"zen-sen-unava-adaptagen","status":"publish","type":"product","link":"http:\/\/cajovnajasminka.sk\/?product=zen-sen-unava-adaptagen","title":{"rendered":"\u017den-\u0161en-\u00fanava, adaptagen"},"content":{"rendered":"<p>Vysoko kvalitn\u00fd bylinn\u00fd v\u00fd\u0165a\u017eok vyroben\u00fd z \u010derstv\u00fdch byl\u00edn \u0161peci\u00e1lnym homeopatick\u00fdm postupom v\u00fdroby, potencovan\u00fd D3<br \/>\nPre zv\u00fd\u0161enie \u00fa\u010dinku je mo\u017en\u00e9 kombinova\u0165 so zodpovedaj\u00facim bylinn\u00fdm \u010dajom Serafin<\/p>\n<p><strong>Pozit\u00edvne p\u00f4sob\u00ed pri \u00fanave a vy\u010derpan\u00ed<br \/>\nPodporuje v\u00fdkon mozgu a pam\u00e4ti<br \/>\nCelkovo p\u00f4sob\u00ed povzbudivo<\/strong><\/p>\n<p><strong> Zlo\u017eenie:<br \/>\n<\/strong>V\u00fd\u0165a\u017eok zo \u017den-\u0161enu japonsk\u00e9ho, \u00a040% alkohol, rieden\u00fd D3<\/p>\n<p><strong>Obsah balenia : 50 ml<\/strong><\/p>\n","protected":false},"excerpt":{"rendered":"<p><strong>Obsah balenia : 50 ml<\/strong><\/p>\n","protected":false},"featured_media":641,"comment_status":"open","ping_status":"closed","template":"","meta":[],"_links":{"self":[{"href":"http:\/\/cajovnajasminka.sk\/index.php?rest_route=\/wp\/v2\/product\/637"}],"collection":[{"href":"http:\/\/cajovnajasminka.sk\/index.php?rest_route=\/wp\/v2\/product"}],"about":[{"href":"http:\/\/cajovnajasminka.sk\/index.php?rest_route=\/wp\/v2\/types\/product"}],"replies":[{"embeddable":true,"href":"http:\/\/cajovnajasminka.sk\/index.php?rest_route=%2Fwp%2Fv2%2Fcomments&post=637"}],"wp:featuredmedia":[{"embeddable":true,"href":"http:\/\/cajovnajasminka.sk\/index.php?rest_route=\/wp\/v2\/media\/641"}],"wp:attachment":[{"href":"http:\/\/cajovnajasminka.sk\/index.php?rest_route=%2Fwp%2Fv2%2Fmedia&parent=637"}],"curies":[{"name":"wp","href":"https:\/\/api.w.org\/{rel}","templated":true}]}}