{"id":635,"date":"2017-06-09T10:41:48","date_gmt":"2017-06-09T08:41:48","guid":{"rendered":"http:\/\/cajovnajasminka.sk\/?post_type=product&#038;p=635"},"modified":"2023-02-19T13:58:26","modified_gmt":"2023-02-19T12:58:26","slug":"zlatobyl-oblicky-mocovy-mechur","status":"publish","type":"product","link":"http:\/\/cajovnajasminka.sk\/?product=zlatobyl-oblicky-mocovy-mechur","title":{"rendered":"Zlatoby\u013e-obli\u010dky, mo\u010dov\u00fd mech\u00far"},"content":{"rendered":"<p>Vysoko kvalitn\u00fd bylinn\u00fd v\u00fd\u0165a\u017eok vyroben\u00fd z \u010derstv\u00fdch byl\u00edn \u0161peci\u00e1lnym homeopatick\u00fdm postupom v\u00fdroby, potencovan\u00fd D3<br \/>\nPre zv\u00fd\u0161enie \u00fa\u010dinku je mo\u017en\u00e9 kombinova\u0165 so zodpovedaj\u00facim bylinn\u00fdm \u010dajom Serafin<\/p>\n<p><strong>Podporuje funkcie obli\u010diek<br \/>\nMo\u010dov\u00e9ho \u00fastrojenstva<br \/>\nProstaty<br \/>\nK\u013abov<br \/>\nRozp\u00fa\u0161\u0165a kamienky<\/strong><\/p>\n<p><strong> Zlo\u017eenie:<br \/>\n<\/strong>V\u00fd\u0165a\u017eok zo Zlatoby\u013eu oby\u010dajn\u00e9ho, 40% alkohol, rieden\u00fd D3<\/p>\n<p><strong>Obsah balenia : 50 ml<\/strong><\/p>\n","protected":false},"excerpt":{"rendered":"<p><strong>Obsah balenia : 50 ml<\/strong><\/p>\n","protected":false},"featured_media":639,"comment_status":"open","ping_status":"closed","template":"","meta":[],"_links":{"self":[{"href":"http:\/\/cajovnajasminka.sk\/index.php?rest_route=\/wp\/v2\/product\/635"}],"collection":[{"href":"http:\/\/cajovnajasminka.sk\/index.php?rest_route=\/wp\/v2\/product"}],"about":[{"href":"http:\/\/cajovnajasminka.sk\/index.php?rest_route=\/wp\/v2\/types\/product"}],"replies":[{"embeddable":true,"href":"http:\/\/cajovnajasminka.sk\/index.php?rest_route=%2Fwp%2Fv2%2Fcomments&post=635"}],"wp:featuredmedia":[{"embeddable":true,"href":"http:\/\/cajovnajasminka.sk\/index.php?rest_route=\/wp\/v2\/media\/639"}],"wp:attachment":[{"href":"http:\/\/cajovnajasminka.sk\/index.php?rest_route=%2Fwp%2Fv2%2Fmedia&parent=635"}],"curies":[{"name":"wp","href":"https:\/\/api.w.org\/{rel}","templated":true}]}}