{"id":623,"date":"2017-06-09T10:05:16","date_gmt":"2017-06-09T08:05:16","guid":{"rendered":"http:\/\/cajovnajasminka.sk\/?post_type=product&#038;p=623"},"modified":"2023-02-19T13:59:54","modified_gmt":"2023-02-19T12:59:54","slug":"svetlik-oci-pecen","status":"publish","type":"product","link":"http:\/\/cajovnajasminka.sk\/?product=svetlik-oci-pecen","title":{"rendered":"Svetl\u00edk-o\u010di, pe\u010de\u0148"},"content":{"rendered":"<p>Vysoko kvalitn\u00fd bylinn\u00fd v\u00fd\u0165a\u017eok vyroben\u00fd z \u010derstv\u00fdch byl\u00edn \u0161peci\u00e1lnym homeopatick\u00fdm postupom v\u00fdroby, potencovan\u00fd D3<br \/>\nPre zv\u00fd\u0161enie \u00fa\u010dinku je mo\u017en\u00e9 kombinova\u0165 so zodpovedaj\u00facim bylinn\u00fdm \u010dajom Serafin<\/p>\n<p><strong>Podporuje funkcie o\u010d\u00ed a videnie celkovo\u00a0<\/strong><\/p>\n<p><strong> Zlo\u017eenie:<br \/>\n<\/strong>V\u00fd\u0165a\u017eok zo Svetl\u00edka lek\u00e1rskeho, 40% alkohol, rieden\u00fd D3<\/p>\n<p><strong>Obsah balenia : 50 ml<\/strong><\/p>\n","protected":false},"excerpt":{"rendered":"<p><strong>Obsah balenia : 50 ml<\/strong><\/p>\n","protected":false},"featured_media":628,"comment_status":"open","ping_status":"closed","template":"","meta":[],"_links":{"self":[{"href":"http:\/\/cajovnajasminka.sk\/index.php?rest_route=\/wp\/v2\/product\/623"}],"collection":[{"href":"http:\/\/cajovnajasminka.sk\/index.php?rest_route=\/wp\/v2\/product"}],"about":[{"href":"http:\/\/cajovnajasminka.sk\/index.php?rest_route=\/wp\/v2\/types\/product"}],"replies":[{"embeddable":true,"href":"http:\/\/cajovnajasminka.sk\/index.php?rest_route=%2Fwp%2Fv2%2Fcomments&post=623"}],"wp:featuredmedia":[{"embeddable":true,"href":"http:\/\/cajovnajasminka.sk\/index.php?rest_route=\/wp\/v2\/media\/628"}],"wp:attachment":[{"href":"http:\/\/cajovnajasminka.sk\/index.php?rest_route=%2Fwp%2Fv2%2Fmedia&parent=623"}],"curies":[{"name":"wp","href":"https:\/\/api.w.org\/{rel}","templated":true}]}}