{"id":606,"date":"2017-06-08T17:33:35","date_gmt":"2017-06-08T15:33:35","guid":{"rendered":"http:\/\/cajovnajasminka.sk\/?post_type=product&#038;p=606"},"modified":"2023-02-19T14:01:40","modified_gmt":"2023-02-19T13:01:40","slug":"medvedi-cesnak-krvny-tlak-cievy-cholesterol","status":"publish","type":"product","link":"http:\/\/cajovnajasminka.sk\/?product=medvedi-cesnak-krvny-tlak-cievy-cholesterol","title":{"rendered":"Medved\u00ed cesnak-krvn\u00fd tlak, cievy, cholesterol"},"content":{"rendered":"<p>Vysoko kvalitn\u00fd bylinn\u00fd v\u00fd\u0165a\u017eok vyroben\u00fd z \u010derstv\u00fdch byl\u00edn \u0161peci\u00e1lnym homeopatick\u00fdm postupom v\u00fdroby, potencovan\u00fd D3<br \/>\nPre zv\u00fd\u0161enie \u00fa\u010dinku je mo\u017en\u00e9 kombinova\u0165 so zodpovedaj\u00facim bylinn\u00fdm \u010dajom Serafin<\/p>\n<p><strong>Podporuje srdce<br \/>\nKrvn\u00fd tlak<br \/>\nCievy a krvn\u00fd obeh<br \/>\nPozit\u00edvne p\u00f4sob\u00ed na hladinu cholesterolu a \u010drevn\u00e9 funkcie<br \/>\nOdv\u00e1dza z tela \u0165a\u017ek\u00e9 kovy<\/strong><\/p>\n<p><strong> Zlo\u017eenie:<br \/>\n<\/strong>V\u00fd\u0165a\u017eok z Medvedieho cesnaku, 40% alkohol, rieden\u00fd D3<\/p>\n<p><strong>Obsah balenia : 50 ml<\/strong><\/p>\n","protected":false},"excerpt":{"rendered":"<p><strong>Obsah balenia : 50 ml<\/strong><\/p>\n","protected":false},"featured_media":611,"comment_status":"open","ping_status":"closed","template":"","meta":[],"_links":{"self":[{"href":"http:\/\/cajovnajasminka.sk\/index.php?rest_route=\/wp\/v2\/product\/606"}],"collection":[{"href":"http:\/\/cajovnajasminka.sk\/index.php?rest_route=\/wp\/v2\/product"}],"about":[{"href":"http:\/\/cajovnajasminka.sk\/index.php?rest_route=\/wp\/v2\/types\/product"}],"replies":[{"embeddable":true,"href":"http:\/\/cajovnajasminka.sk\/index.php?rest_route=%2Fwp%2Fv2%2Fcomments&post=606"}],"wp:featuredmedia":[{"embeddable":true,"href":"http:\/\/cajovnajasminka.sk\/index.php?rest_route=\/wp\/v2\/media\/611"}],"wp:attachment":[{"href":"http:\/\/cajovnajasminka.sk\/index.php?rest_route=%2Fwp%2Fv2%2Fmedia&parent=606"}],"curies":[{"name":"wp","href":"https:\/\/api.w.org\/{rel}","templated":true}]}}