{"id":594,"date":"2017-06-08T16:56:56","date_gmt":"2017-06-08T14:56:56","guid":{"rendered":"http:\/\/cajovnajasminka.sk\/?post_type=product&#038;p=594"},"modified":"2023-02-19T14:02:46","modified_gmt":"2023-02-19T13:02:46","slug":"kotvicnik-pohlavne-ustrojenstvo","status":"publish","type":"product","link":"http:\/\/cajovnajasminka.sk\/?product=kotvicnik-pohlavne-ustrojenstvo","title":{"rendered":"Kotvi\u010dn\u00edk-pohlavn\u00e9 \u00fastrojenstvo"},"content":{"rendered":"<p>Vysoko kvalitn\u00fd bylinn\u00fd v\u00fd\u0165a\u017eok vyroben\u00fd z \u010derstv\u00fdch byl\u00edn \u0161peci\u00e1lnym homeopatick\u00fdm postupom v\u00fdroby, potencovan\u00fd D3<br \/>\nPre zv\u00fd\u0161enie \u00fa\u010dinku je mo\u017en\u00e9 kombinova\u0165 so zodpovedaj\u00facim bylinn\u00fdm \u010dajom Serafin<\/p>\n<p><strong>Podporuje mo\u010dov\u00e9 a pohlavn\u00e9 \u00fastrojenstvo Imunitu<br \/>\nPrirodzen\u00fa obranyschopnos\u0165<br \/>\nSvaly a svalov\u00fd tonus<\/strong><\/p>\n<p><strong> Zlo\u017eenie:<br \/>\n<\/strong>V\u00fd\u0165a\u017eok z Kotvi\u010dn\u00edku pozemn\u00e9ho, 40% alkohol, rieden\u00fd D3<\/p>\n<p><strong>Obsah balenia : 50 ml<\/strong><\/p>\n","protected":false},"excerpt":{"rendered":"<p><strong>Obsah balenia : 50 ml<\/strong><\/p>\n","protected":false},"featured_media":600,"comment_status":"open","ping_status":"closed","template":"","meta":[],"_links":{"self":[{"href":"http:\/\/cajovnajasminka.sk\/index.php?rest_route=\/wp\/v2\/product\/594"}],"collection":[{"href":"http:\/\/cajovnajasminka.sk\/index.php?rest_route=\/wp\/v2\/product"}],"about":[{"href":"http:\/\/cajovnajasminka.sk\/index.php?rest_route=\/wp\/v2\/types\/product"}],"replies":[{"embeddable":true,"href":"http:\/\/cajovnajasminka.sk\/index.php?rest_route=%2Fwp%2Fv2%2Fcomments&post=594"}],"wp:featuredmedia":[{"embeddable":true,"href":"http:\/\/cajovnajasminka.sk\/index.php?rest_route=\/wp\/v2\/media\/600"}],"wp:attachment":[{"href":"http:\/\/cajovnajasminka.sk\/index.php?rest_route=%2Fwp%2Fv2%2Fmedia&parent=594"}],"curies":[{"name":"wp","href":"https:\/\/api.w.org\/{rel}","templated":true}]}}