{"id":593,"date":"2017-06-08T16:56:54","date_gmt":"2017-06-08T14:56:54","guid":{"rendered":"http:\/\/cajovnajasminka.sk\/?post_type=product&#038;p=593"},"modified":"2023-02-19T14:02:58","modified_gmt":"2023-02-19T13:02:58","slug":"alchemilka-zenske-pohlavne-organy","status":"publish","type":"product","link":"http:\/\/cajovnajasminka.sk\/?product=alchemilka-zenske-pohlavne-organy","title":{"rendered":"Alchemilka-\u017eensk\u00e9 pohlavn\u00e9 org\u00e1ny"},"content":{"rendered":"<p>Vysoko kvalitn\u00fd bylinn\u00fd v\u00fd\u0165a\u017eok vyroben\u00fd z \u010derstv\u00fdch byl\u00edn \u0161peci\u00e1lnym homeopatick\u00fdm postupom v\u00fdroby, potencovan\u00fd D3<br \/>\nPre zv\u00fd\u0161enie \u00fa\u010dinku je mo\u017en\u00e9 kombinova\u0165 so zodpovedaj\u00facim bylinn\u00fdm \u010dajom Serafin<\/p>\n<p><strong>Podporuje spr\u00e1vnu men\u0161tru\u00e1ciu<br \/>\n\u017densk\u00e9 pohlavn\u00e9 org\u00e1ny<br \/>\nZni\u017euje predmen\u0161trua\u010dn\u00fd syndr\u00f3m<\/strong><\/p>\n<p><strong> Zlo\u017eenie:<br \/>\n<\/strong>V\u00fd\u0165a\u017eok z Alchemilky \u017eltozelenej, 40% alkohol, rieden\u00fd D3<\/p>\n<p><strong>Obsah balenia : 50 ml<\/strong><\/p>\n","protected":false},"excerpt":{"rendered":"<p><strong>Obsah balenia : 50 ml<\/strong><\/p>\n","protected":false},"featured_media":599,"comment_status":"open","ping_status":"closed","template":"","meta":[],"_links":{"self":[{"href":"http:\/\/cajovnajasminka.sk\/index.php?rest_route=\/wp\/v2\/product\/593"}],"collection":[{"href":"http:\/\/cajovnajasminka.sk\/index.php?rest_route=\/wp\/v2\/product"}],"about":[{"href":"http:\/\/cajovnajasminka.sk\/index.php?rest_route=\/wp\/v2\/types\/product"}],"replies":[{"embeddable":true,"href":"http:\/\/cajovnajasminka.sk\/index.php?rest_route=%2Fwp%2Fv2%2Fcomments&post=593"}],"wp:featuredmedia":[{"embeddable":true,"href":"http:\/\/cajovnajasminka.sk\/index.php?rest_route=\/wp\/v2\/media\/599"}],"wp:attachment":[{"href":"http:\/\/cajovnajasminka.sk\/index.php?rest_route=%2Fwp%2Fv2%2Fmedia&parent=593"}],"curies":[{"name":"wp","href":"https:\/\/api.w.org\/{rel}","templated":true}]}}