{"id":581,"date":"2017-05-14T19:04:35","date_gmt":"2017-05-14T17:04:35","guid":{"rendered":"http:\/\/cajovnajasminka.sk\/?post_type=product&#038;p=581"},"modified":"2023-02-19T14:04:28","modified_gmt":"2023-02-19T13:04:28","slug":"jarabina-vtacia-zenske-pohlavne-hormony","status":"publish","type":"product","link":"http:\/\/cajovnajasminka.sk\/?product=jarabina-vtacia-zenske-pohlavne-hormony","title":{"rendered":"Jarabina vt\u00e1\u010dia-\u017eensk\u00e9 pohlavn\u00e9 horm\u00f3ny"},"content":{"rendered":"<p>Vysoko kvalitn\u00fd bylinn\u00fd v\u00fd\u0165a\u017eok vyroben\u00fd z \u010derstv\u00fdch byl\u00edn \u0161peci\u00e1lnym homeopatick\u00fdm postupom v\u00fdroby, potencovan\u00fd D3<br \/>\nPre zv\u00fd\u0161enie \u00fa\u010dinku je mo\u017en\u00e9 kombinova\u0165 so zodpovedaj\u00facim bylinn\u00fdm \u010dajom Serafin<\/p>\n<p><strong>P\u00f4sob\u00ed pri strese a vyp\u00e4t\u00ed<br \/>\nNapom\u00e1ha produkci\u00ed \u017eensk\u00fdch pohlavn\u00fdch horm\u00f3nov<\/strong><\/p>\n<p><strong> Zlo\u017eenie:<br \/>\n<\/strong>V\u00fd\u0165a\u017eok z Jarabiny vt\u00e1\u010dej, 40% alkohol, rieden\u00fd D3<\/p>\n<p><strong>Obsah balenia : 50 ml<\/strong><\/p>\n","protected":false},"excerpt":{"rendered":"<p><strong>Obsah balenia : 50 ml<\/strong><\/p>\n","protected":false},"featured_media":586,"comment_status":"open","ping_status":"closed","template":"","meta":[],"_links":{"self":[{"href":"http:\/\/cajovnajasminka.sk\/index.php?rest_route=\/wp\/v2\/product\/581"}],"collection":[{"href":"http:\/\/cajovnajasminka.sk\/index.php?rest_route=\/wp\/v2\/product"}],"about":[{"href":"http:\/\/cajovnajasminka.sk\/index.php?rest_route=\/wp\/v2\/types\/product"}],"replies":[{"embeddable":true,"href":"http:\/\/cajovnajasminka.sk\/index.php?rest_route=%2Fwp%2Fv2%2Fcomments&post=581"}],"wp:featuredmedia":[{"embeddable":true,"href":"http:\/\/cajovnajasminka.sk\/index.php?rest_route=\/wp\/v2\/media\/586"}],"wp:attachment":[{"href":"http:\/\/cajovnajasminka.sk\/index.php?rest_route=%2Fwp%2Fv2%2Fmedia&parent=581"}],"curies":[{"name":"wp","href":"https:\/\/api.w.org\/{rel}","templated":true}]}}