{"id":558,"date":"2017-05-12T20:33:55","date_gmt":"2017-05-12T18:33:55","guid":{"rendered":"http:\/\/cajovnajasminka.sk\/?post_type=product&#038;p=558"},"modified":"2023-02-19T14:06:57","modified_gmt":"2023-02-19T13:06:57","slug":"pupava-koren-travenie-cholesterol-imunita","status":"publish","type":"product","link":"http:\/\/cajovnajasminka.sk\/?product=pupava-koren-travenie-cholesterol-imunita","title":{"rendered":"P\u00fapava kore\u0148-tr\u00e1venie, cholesterol, imunita"},"content":{"rendered":"<p>Vysoko kvalitn\u00fd bylinn\u00fd v\u00fd\u0165a\u017eok vyroben\u00fd z \u010derstv\u00fdch byl\u00edn \u0161peci\u00e1lnym homeopatick\u00fdm postupom v\u00fdroby, potencovan\u00fd D3<br \/>\nPre zv\u00fd\u0161enie \u00fa\u010dinku je mo\u017en\u00e9 kombinova\u0165 so zodpovedaj\u00facim bylinn\u00fdm \u010dajom Serafin<\/p>\n<p><strong>Napom\u00e1ha k norm\u00e1lnej funkcii za\u017e\u00edvacieho traktu, pe\u010dene a obli\u010diek <\/strong><br \/>\n<strong> P\u00f4sob\u00ed ako probiotikum Zni\u017euje hladinu cholesterolu v krvi<\/strong><br \/>\n<strong> Tinkt\u00fara m\u00e1 o\u010distn\u00e9 \u00fa\u010dinky<\/strong><br \/>\n<strong> Podporuje zni\u017eovanie v\u00e1hy<\/strong><br \/>\n<strong> P\u00f4sob\u00ed ako antioxidant<\/strong><\/p>\n<p><strong> Zlo\u017eenie:<br \/>\n<\/strong>V\u00fd\u0165a\u017eok z kore\u0148a P\u00fapavy lek\u00e1rskej, 40% alkohol, rieden\u00fd D3<\/p>\n<p><strong>Obsah balenia : 50 ml<\/strong><\/p>\n","protected":false},"excerpt":{"rendered":"<p><strong>Obsah balenia : 50 ml<\/strong><\/p>\n","protected":false},"featured_media":559,"comment_status":"open","ping_status":"closed","template":"","meta":[],"_links":{"self":[{"href":"http:\/\/cajovnajasminka.sk\/index.php?rest_route=\/wp\/v2\/product\/558"}],"collection":[{"href":"http:\/\/cajovnajasminka.sk\/index.php?rest_route=\/wp\/v2\/product"}],"about":[{"href":"http:\/\/cajovnajasminka.sk\/index.php?rest_route=\/wp\/v2\/types\/product"}],"replies":[{"embeddable":true,"href":"http:\/\/cajovnajasminka.sk\/index.php?rest_route=%2Fwp%2Fv2%2Fcomments&post=558"}],"wp:featuredmedia":[{"embeddable":true,"href":"http:\/\/cajovnajasminka.sk\/index.php?rest_route=\/wp\/v2\/media\/559"}],"wp:attachment":[{"href":"http:\/\/cajovnajasminka.sk\/index.php?rest_route=%2Fwp%2Fv2%2Fmedia&parent=558"}],"curies":[{"name":"wp","href":"https:\/\/api.w.org\/{rel}","templated":true}]}}