{"id":543,"date":"2017-05-04T16:31:50","date_gmt":"2017-05-04T14:31:50","guid":{"rendered":"http:\/\/cajovnajasminka.sk\/?post_type=product&#038;p=543"},"modified":"2023-02-19T14:08:25","modified_gmt":"2023-02-19T13:08:25","slug":"lubovnik-stres-a-spanok","status":"publish","type":"product","link":"http:\/\/cajovnajasminka.sk\/?product=lubovnik-stres-a-spanok","title":{"rendered":"\u013dubovn\u00edk-stres a sp\u00e1nok"},"content":{"rendered":"<p><strong>Vysoko \u00fa\u010dinn\u00fd bylinn\u00fd v\u00fd\u0165a\u017eok vyroben\u00fd z pukov a mlad\u00fdch v\u00fdhonkov rastl\u00edn<\/strong><\/p>\n<h4><strong>Podporuje du\u0161evn\u00fa pohodu, emo\u010dn\u00fa rovnov\u00e1hu, zni\u017euje stres, podporuje zdrav\u00fd sp\u00e1nok, p\u00f4sob\u00ed protiz\u00e1palovo<\/strong><\/h4>\n<p><strong> Zlo\u017eenie:<\/strong><\/p>\n<p>v\u00fd\u0165a\u017eok z pukov \u013dubovn\u00edka bodkovan\u00e9ho, 48% lihoglycerin<\/p>\n<p><strong>D\u00e1vkovanie:<\/strong><\/p>\n<p>1 kvapka na 1 kg v\u00e1hy a de\u0148, rozdeli\u0165 do 2-3 d\u00e1vok. Jedno balenie obsahuje 1100 kvapiek<\/p>\n<p><strong>Obsah balenia : 50 ml<\/strong><\/p>\n","protected":false},"excerpt":{"rendered":"<p><strong>Obsah balenia : 50 ml<\/strong><\/p>\n","protected":false},"featured_media":548,"comment_status":"open","ping_status":"closed","template":"","meta":[],"_links":{"self":[{"href":"http:\/\/cajovnajasminka.sk\/index.php?rest_route=\/wp\/v2\/product\/543"}],"collection":[{"href":"http:\/\/cajovnajasminka.sk\/index.php?rest_route=\/wp\/v2\/product"}],"about":[{"href":"http:\/\/cajovnajasminka.sk\/index.php?rest_route=\/wp\/v2\/types\/product"}],"replies":[{"embeddable":true,"href":"http:\/\/cajovnajasminka.sk\/index.php?rest_route=%2Fwp%2Fv2%2Fcomments&post=543"}],"wp:featuredmedia":[{"embeddable":true,"href":"http:\/\/cajovnajasminka.sk\/index.php?rest_route=\/wp\/v2\/media\/548"}],"wp:attachment":[{"href":"http:\/\/cajovnajasminka.sk\/index.php?rest_route=%2Fwp%2Fv2%2Fmedia&parent=543"}],"curies":[{"name":"wp","href":"https:\/\/api.w.org\/{rel}","templated":true}]}}