{"id":542,"date":"2017-05-04T16:31:48","date_gmt":"2017-05-04T14:31:48","guid":{"rendered":"http:\/\/cajovnajasminka.sk\/?post_type=product&#038;p=542"},"modified":"2023-02-19T14:08:39","modified_gmt":"2023-02-19T13:08:39","slug":"topol-oblicky-a-klby","status":"publish","type":"product","link":"http:\/\/cajovnajasminka.sk\/?product=topol-oblicky-a-klby","title":{"rendered":"Topo\u013e-obli\u010dky a k\u013aby"},"content":{"rendered":"<p><strong>Vysoko \u00fa\u010dinn\u00fd bylinn\u00fd v\u00fd\u0165a\u017eok vyroben\u00fd z pukov a mlad\u00fdch v\u00fdhonkov rastl\u00edn<\/strong><\/p>\n<h4><strong>Podporuje obli\u010dky, mo\u010dov\u00fd mech\u00far, k\u013aby a \u0161\u013eachy najm\u00e4 pri dolie\u010dovan\u00ed boreli\u00f3zy<\/strong><\/h4>\n<p><strong> Zlo\u017eenie:<\/strong><\/p>\n<p>v\u00fd\u0165a\u017eok z pukov Topo\u013ea \u010dierneho, 48% lihoglycerin<\/p>\n<p><strong>D\u00e1vkovanie:<\/strong><\/p>\n<p>1 kvapka na 1 kg v\u00e1hy a de\u0148, rozdeli\u0165 do 2-3 d\u00e1vok. Jedno balenie obsahuje 1100 kvapiek<\/p>\n<p><strong>Obsah balenia : 50 ml<\/strong><\/p>\n","protected":false},"excerpt":{"rendered":"<p><strong>Obsah balenia : 50 ml<\/strong><\/p>\n","protected":false},"featured_media":547,"comment_status":"open","ping_status":"closed","template":"","meta":[],"_links":{"self":[{"href":"http:\/\/cajovnajasminka.sk\/index.php?rest_route=\/wp\/v2\/product\/542"}],"collection":[{"href":"http:\/\/cajovnajasminka.sk\/index.php?rest_route=\/wp\/v2\/product"}],"about":[{"href":"http:\/\/cajovnajasminka.sk\/index.php?rest_route=\/wp\/v2\/types\/product"}],"replies":[{"embeddable":true,"href":"http:\/\/cajovnajasminka.sk\/index.php?rest_route=%2Fwp%2Fv2%2Fcomments&post=542"}],"wp:featuredmedia":[{"embeddable":true,"href":"http:\/\/cajovnajasminka.sk\/index.php?rest_route=\/wp\/v2\/media\/547"}],"wp:attachment":[{"href":"http:\/\/cajovnajasminka.sk\/index.php?rest_route=%2Fwp%2Fv2%2Fmedia&parent=542"}],"curies":[{"name":"wp","href":"https:\/\/api.w.org\/{rel}","templated":true}]}}