{"id":533,"date":"2017-05-04T16:12:36","date_gmt":"2017-05-04T14:12:36","guid":{"rendered":"http:\/\/cajovnajasminka.sk\/?post_type=product&#038;p=533"},"modified":"2023-02-19T14:09:23","modified_gmt":"2023-02-19T13:09:23","slug":"pupalka-predmenstruacny-syndrom","status":"publish","type":"product","link":"http:\/\/cajovnajasminka.sk\/?product=pupalka-predmenstruacny-syndrom","title":{"rendered":"Pupalka-predmen\u0161trua\u010dn\u00fd syndr\u00f3m"},"content":{"rendered":"<p><strong>Vysoko \u00fa\u010dinn\u00fd bylinn\u00fd v\u00fd\u0165a\u017eok vyroben\u00fd z pukov a mlad\u00fdch v\u00fdhonkov rastl\u00edn<\/strong><\/p>\n<h4><strong>Pom\u00e1ha udr\u017eiava\u0165 pru\u017enos\u0165, jemnos\u0165 a zdravie poko\u017eky, zni\u017euje predmen\u0161trua\u010dn\u00fd syndr\u00f3m, napom\u00e1ha norm\u00e1lnej funkci\u00ed srdca a ciev<\/strong><\/h4>\n<p><strong> Zlo\u017eenie:<\/strong><\/p>\n<p>v\u00fd\u0165a\u017eok z pukov Pupalky dvojro\u010dnej, 48% lihoglycerin<\/p>\n<p><strong>D\u00e1vkovanie:<\/strong><\/p>\n<p>1 kvapka na 1 kg v\u00e1hy a de\u0148, rozdeli\u0165 do 2-3 d\u00e1vok. Jedno balenie obsahuje 1100 kvapiek<\/p>\n<p><strong>Obsah balenia : 50 ml<\/strong><\/p>\n","protected":false},"excerpt":{"rendered":"<p><strong>Obsah balenia : 50 ml<\/strong><\/p>\n","protected":false},"featured_media":538,"comment_status":"open","ping_status":"closed","template":"","meta":[],"_links":{"self":[{"href":"http:\/\/cajovnajasminka.sk\/index.php?rest_route=\/wp\/v2\/product\/533"}],"collection":[{"href":"http:\/\/cajovnajasminka.sk\/index.php?rest_route=\/wp\/v2\/product"}],"about":[{"href":"http:\/\/cajovnajasminka.sk\/index.php?rest_route=\/wp\/v2\/types\/product"}],"replies":[{"embeddable":true,"href":"http:\/\/cajovnajasminka.sk\/index.php?rest_route=%2Fwp%2Fv2%2Fcomments&post=533"}],"wp:featuredmedia":[{"embeddable":true,"href":"http:\/\/cajovnajasminka.sk\/index.php?rest_route=\/wp\/v2\/media\/538"}],"wp:attachment":[{"href":"http:\/\/cajovnajasminka.sk\/index.php?rest_route=%2Fwp%2Fv2%2Fmedia&parent=533"}],"curies":[{"name":"wp","href":"https:\/\/api.w.org\/{rel}","templated":true}]}}