{"id":521,"date":"2017-05-04T15:54:52","date_gmt":"2017-05-04T13:54:52","guid":{"rendered":"http:\/\/cajovnajasminka.sk\/?post_type=product&#038;p=521"},"modified":"2023-02-19T14:10:54","modified_gmt":"2023-02-19T13:10:54","slug":"lipa-stres-a-spanok","status":"publish","type":"product","link":"http:\/\/cajovnajasminka.sk\/?product=lipa-stres-a-spanok","title":{"rendered":"Lipa-stres a sp\u00e1nok"},"content":{"rendered":"<p><strong>Vysoko \u00fa\u010dinn\u00fd bylinn\u00fd v\u00fd\u0165a\u017eok vyroben\u00fd z pukov a mlad\u00fdch v\u00fdhonkov rastl\u00edn<\/strong><\/p>\n<h4><strong>Podporuje uvo\u013enenie, relax\u00e1ciu, zni\u017euje stres, podporuje zdrav\u00fd sp\u00e1nok, upokojuje tr\u00e1viace \u0165a\u017ekosti v dopravn\u00fdch prostriedkoch<\/strong><\/h4>\n<p><strong> Zlo\u017eenie:<\/strong><\/p>\n<p>v\u00fd\u0165a\u017eok z pukov Lipy ve\u013ekolistej, 48% lihoglycerin<\/p>\n<p><strong>D\u00e1vkovanie:<\/strong><\/p>\n<p>1 kvapka na 1 kg v\u00e1hy a de\u0148, rozdeli\u0165 do 2-3 d\u00e1vok. Jedno balenie obsahuje 1100 kvapiek<\/p>\n<p><strong>Obsah balenia : 50 ml<\/strong><\/p>\n","protected":false},"excerpt":{"rendered":"<p><strong>Obsah balenia : 50 ml<\/strong><\/p>\n","protected":false},"featured_media":526,"comment_status":"open","ping_status":"closed","template":"","meta":[],"_links":{"self":[{"href":"http:\/\/cajovnajasminka.sk\/index.php?rest_route=\/wp\/v2\/product\/521"}],"collection":[{"href":"http:\/\/cajovnajasminka.sk\/index.php?rest_route=\/wp\/v2\/product"}],"about":[{"href":"http:\/\/cajovnajasminka.sk\/index.php?rest_route=\/wp\/v2\/types\/product"}],"replies":[{"embeddable":true,"href":"http:\/\/cajovnajasminka.sk\/index.php?rest_route=%2Fwp%2Fv2%2Fcomments&post=521"}],"wp:featuredmedia":[{"embeddable":true,"href":"http:\/\/cajovnajasminka.sk\/index.php?rest_route=\/wp\/v2\/media\/526"}],"wp:attachment":[{"href":"http:\/\/cajovnajasminka.sk\/index.php?rest_route=%2Fwp%2Fv2%2Fmedia&parent=521"}],"curies":[{"name":"wp","href":"https:\/\/api.w.org\/{rel}","templated":true}]}}