{"id":503,"date":"2017-05-04T15:25:44","date_gmt":"2017-05-04T13:25:44","guid":{"rendered":"http:\/\/cajovnajasminka.sk\/?post_type=product&#038;p=503"},"modified":"2023-02-19T14:12:42","modified_gmt":"2023-02-19T13:12:42","slug":"hloh-tlak-a-srdce","status":"publish","type":"product","link":"http:\/\/cajovnajasminka.sk\/?product=hloh-tlak-a-srdce","title":{"rendered":"Hloh-tlak a srdce"},"content":{"rendered":"<p><strong>Vysoko \u00fa\u010dinn\u00fd bylinn\u00fd v\u00fd\u0165a\u017eok vyroben\u00fd z pukov a mlad\u00fdch v\u00fdhonkov rastl\u00edn<\/strong><\/p>\n<h4><strong>Podporuje srdce a kardiovaskul\u00e1rny syst\u00e9m, kol\u00edsav\u00fd krvn\u00fd tlak, podporuje mozog a pam\u00e4\u0165, p\u00f4sob\u00ed pri menopauze.<\/strong><\/h4>\n<p><strong> Zlo\u017eenie:<\/strong><\/p>\n<p>v\u00fd\u0165a\u017eok z pukov Hlohu obecn\u00e9ho, 48% lihoglycerin<\/p>\n<p><strong>D\u00e1vkovanie:<\/strong><\/p>\n<p>1 kvapka na 1 kg v\u00e1hy a de\u0148, rozdeli\u0165 do 2-3 d\u00e1vok. Jedno balenie obsahuje 1100 kvapiek<\/p>\n<p><strong>Obsah balenia : 50 ml<\/strong><\/p>\n","protected":false},"excerpt":{"rendered":"<p><strong>Obsah balenia : 50 ml<\/strong><\/p>\n","protected":false},"featured_media":508,"comment_status":"open","ping_status":"closed","template":"","meta":[],"_links":{"self":[{"href":"http:\/\/cajovnajasminka.sk\/index.php?rest_route=\/wp\/v2\/product\/503"}],"collection":[{"href":"http:\/\/cajovnajasminka.sk\/index.php?rest_route=\/wp\/v2\/product"}],"about":[{"href":"http:\/\/cajovnajasminka.sk\/index.php?rest_route=\/wp\/v2\/types\/product"}],"replies":[{"embeddable":true,"href":"http:\/\/cajovnajasminka.sk\/index.php?rest_route=%2Fwp%2Fv2%2Fcomments&post=503"}],"wp:featuredmedia":[{"embeddable":true,"href":"http:\/\/cajovnajasminka.sk\/index.php?rest_route=\/wp\/v2\/media\/508"}],"wp:attachment":[{"href":"http:\/\/cajovnajasminka.sk\/index.php?rest_route=%2Fwp%2Fv2%2Fmedia&parent=503"}],"curies":[{"name":"wp","href":"https:\/\/api.w.org\/{rel}","templated":true}]}}