{"id":495,"date":"2017-05-04T15:14:49","date_gmt":"2017-05-04T13:14:49","guid":{"rendered":"http:\/\/cajovnajasminka.sk\/?post_type=product&#038;p=495"},"modified":"2023-02-19T14:13:45","modified_gmt":"2023-02-19T13:13:45","slug":"cierna-rybezla-koza-a-dychanie","status":"publish","type":"product","link":"http:\/\/cajovnajasminka.sk\/?product=cierna-rybezla-koza-a-dychanie","title":{"rendered":"\u010cierna r\u00edbez\u013ea-ko\u017ea a d\u00fdchanie"},"content":{"rendered":"<p><strong>Vysoko \u00fa\u010dinn\u00fd bylinn\u00fd v\u00fd\u0165a\u017eok vyroben\u00fd z pukov a mlad\u00fdch v\u00fdhonkov rastl\u00edn<\/strong><\/p>\n<h4><strong>Zlep\u0161uje celkov\u00fd stav organizmu, p\u00f4sob\u00ed ako pr\u00edrodn\u00fd antioxidant, podporuje k\u013aby, ko\u017eu a d\u00fdchanie. P\u00f4sob\u00ed pozit\u00edvne pri strese a vyp\u00e4t\u00ed<\/strong><\/h4>\n<p><strong> Zlo\u017eenie:<\/strong><\/p>\n<p>v\u00fd\u0165a\u017eok z pukov \u010ciernej r\u00edbezle, 48% lihoglycerin<\/p>\n<p><strong>D\u00e1vkovanie:<\/strong><\/p>\n<p>1 kvapka na 1 kg v\u00e1hy a de\u0148, rozdeli\u0165 do 2-3 d\u00e1vok. Jedno balenie obsahuje 1100 kvapiek<\/p>\n<p><strong>Obsah balenia : 50 ml<\/strong><\/p>\n","protected":false},"excerpt":{"rendered":"<p><strong>Obsah balenia : 50 ml<\/strong><\/p>\n","protected":false},"featured_media":499,"comment_status":"open","ping_status":"closed","template":"","meta":[],"_links":{"self":[{"href":"http:\/\/cajovnajasminka.sk\/index.php?rest_route=\/wp\/v2\/product\/495"}],"collection":[{"href":"http:\/\/cajovnajasminka.sk\/index.php?rest_route=\/wp\/v2\/product"}],"about":[{"href":"http:\/\/cajovnajasminka.sk\/index.php?rest_route=\/wp\/v2\/types\/product"}],"replies":[{"embeddable":true,"href":"http:\/\/cajovnajasminka.sk\/index.php?rest_route=%2Fwp%2Fv2%2Fcomments&post=495"}],"wp:featuredmedia":[{"embeddable":true,"href":"http:\/\/cajovnajasminka.sk\/index.php?rest_route=\/wp\/v2\/media\/499"}],"wp:attachment":[{"href":"http:\/\/cajovnajasminka.sk\/index.php?rest_route=%2Fwp%2Fv2%2Fmedia&parent=495"}],"curies":[{"name":"wp","href":"https:\/\/api.w.org\/{rel}","templated":true}]}}