{"id":482,"date":"2017-05-04T14:44:21","date_gmt":"2017-05-04T12:44:21","guid":{"rendered":"http:\/\/cajovnajasminka.sk\/?post_type=product&#038;p=482"},"modified":"2023-02-19T14:14:39","modified_gmt":"2023-02-19T13:14:39","slug":"cucoriedka-oci-vysoky-cukor","status":"publish","type":"product","link":"http:\/\/cajovnajasminka.sk\/?product=cucoriedka-oci-vysoky-cukor","title":{"rendered":"\u010cu\u010doriedka-o\u010di, vysok\u00fd cukor"},"content":{"rendered":"<p><strong>Vysoko \u00fa\u010dinn\u00fd bylinn\u00fd v\u00fd\u0165a\u017eok vyroben\u00fd z pukov a mlad\u00fdch v\u00fdhonkov rastl\u00edn<\/strong><\/p>\n<h3><strong>Podporuje funkciu o\u010d\u00ed, drobn\u00fdch ciev a kapil\u00e1r, Udr\u017euje spr\u00e1vnu hladinu cukru v krvi, p\u00f4sob\u00ed ako pr\u00edrodn\u00fd antioxidant<\/strong><\/h3>\n<p><strong> Zlo\u017eenie:<\/strong><\/p>\n<p>v\u00fd\u0165a\u017eok z pukov \u010du\u010doriedky \u010diernej, 48% lihoglycerin<\/p>\n<p><strong>D\u00e1vkovanie:<\/strong><\/p>\n<p>1 kvapka na 1 kg v\u00e1hy a de\u0148, rozdeli\u0165 do 2-3 d\u00e1vok. Jedno balenie obsahuje 1100 kvapiek<\/p>\n<p><strong>Obsah balenia : 50 ml<\/strong><\/p>\n","protected":false},"excerpt":{"rendered":"<p><strong>Obsah balenia : 50 ml<\/strong><\/p>\n","protected":false},"featured_media":486,"comment_status":"open","ping_status":"closed","template":"","meta":[],"_links":{"self":[{"href":"http:\/\/cajovnajasminka.sk\/index.php?rest_route=\/wp\/v2\/product\/482"}],"collection":[{"href":"http:\/\/cajovnajasminka.sk\/index.php?rest_route=\/wp\/v2\/product"}],"about":[{"href":"http:\/\/cajovnajasminka.sk\/index.php?rest_route=\/wp\/v2\/types\/product"}],"replies":[{"embeddable":true,"href":"http:\/\/cajovnajasminka.sk\/index.php?rest_route=%2Fwp%2Fv2%2Fcomments&post=482"}],"wp:featuredmedia":[{"embeddable":true,"href":"http:\/\/cajovnajasminka.sk\/index.php?rest_route=\/wp\/v2\/media\/486"}],"wp:attachment":[{"href":"http:\/\/cajovnajasminka.sk\/index.php?rest_route=%2Fwp%2Fv2%2Fmedia&parent=482"}],"curies":[{"name":"wp","href":"https:\/\/api.w.org\/{rel}","templated":true}]}}