{"id":469,"date":"2017-05-04T14:34:26","date_gmt":"2017-05-04T12:34:26","guid":{"rendered":"http:\/\/cajovnajasminka.sk\/?post_type=product&#038;p=469"},"modified":"2023-02-19T14:15:14","modified_gmt":"2023-02-19T13:15:14","slug":"rozchodnica-mozog-psychika","status":"publish","type":"product","link":"http:\/\/cajovnajasminka.sk\/?product=rozchodnica-mozog-psychika","title":{"rendered":"Rozchodnica-mozog, psychika"},"content":{"rendered":"<p><strong>Vysoko \u00fa\u010dinn\u00fd bylinn\u00fd v\u00fd\u0165a\u017eok vyroben\u00fd z pukov a mlad\u00fdch v\u00fdhonkov rastl\u00edn<\/strong><\/p>\n<h4><strong>Podporuje prirodzen\u00e9 psychick\u00e9 a fyzick\u00e9 zdravie, zlep\u0161uje \u010dinnos\u0165 mozgov\u00fdch funkci\u00ed, pam\u00e4\u0165 a s\u00fastredenie. Zni\u017euje vplyv stresu na organizmus. Zlep\u0161uje celkov\u00e9 prekrvenie a okysli\u010denie tela.<\/strong><\/h4>\n<p><strong> Zlo\u017eenie:<\/strong><\/p>\n<p>v\u00fd\u0165a\u017eok z pukov a kore\u0148a Rozchodnice ru\u017eovej, 48% lihoglycerin<\/p>\n<p><strong>D\u00e1vkovanie:<\/strong><\/p>\n<p>1 kvapka na 1 kg v\u00e1hy a de\u0148, rozdeli\u0165 do 2-3 d\u00e1vok. Jedno balenie obsahuje 1100 kvapiek<\/p>\n<p><strong>Obsah balenia : 50 ml<\/strong><\/p>\n","protected":false},"excerpt":{"rendered":"<p><strong>Obsah balenia : 50 ml<\/strong><\/p>\n","protected":false},"featured_media":477,"comment_status":"open","ping_status":"closed","template":"","meta":[],"_links":{"self":[{"href":"http:\/\/cajovnajasminka.sk\/index.php?rest_route=\/wp\/v2\/product\/469"}],"collection":[{"href":"http:\/\/cajovnajasminka.sk\/index.php?rest_route=\/wp\/v2\/product"}],"about":[{"href":"http:\/\/cajovnajasminka.sk\/index.php?rest_route=\/wp\/v2\/types\/product"}],"replies":[{"embeddable":true,"href":"http:\/\/cajovnajasminka.sk\/index.php?rest_route=%2Fwp%2Fv2%2Fcomments&post=469"}],"wp:featuredmedia":[{"embeddable":true,"href":"http:\/\/cajovnajasminka.sk\/index.php?rest_route=\/wp\/v2\/media\/477"}],"wp:attachment":[{"href":"http:\/\/cajovnajasminka.sk\/index.php?rest_route=%2Fwp%2Fv2%2Fmedia&parent=469"}],"curies":[{"name":"wp","href":"https:\/\/api.w.org\/{rel}","templated":true}]}}