{"id":460,"date":"2017-05-04T11:33:38","date_gmt":"2017-05-04T09:33:38","guid":{"rendered":"http:\/\/cajovnajasminka.sk\/?post_type=product&#038;p=460"},"modified":"2024-02-12T08:37:31","modified_gmt":"2024-02-12T07:37:31","slug":"priedusky-a-pluca-cajovy-koncentrat","status":"publish","type":"product","link":"http:\/\/cajovnajasminka.sk\/?product=priedusky-a-pluca-cajovy-koncentrat","title":{"rendered":"Priedu\u0161ky a p\u013e\u00faca-\u010dajov\u00fd koncentr\u00e1t"},"content":{"rendered":"<p><strong>Vysoko kvalitn\u00fd koncentrovan\u00fd bylinn\u00fd \u010daj zostaven\u00fd pod\u013ea origin\u00e1lnej recept\u00fary, vyr\u00e1ban\u00fd unik\u00e1tnou met\u00f3dou a ur\u010den\u00fd na konkr\u00e9tny probl\u00e9m<\/strong><\/p>\n<p><strong>Zlo\u017eenie :\u00a0<\/strong><\/p>\n<p><strong>Skorocel list<\/strong> &#8211; podporuje d\u00fdchanie, upravuje bakteri\u00e1lnu mikrofl\u00f3ru v tele a podporuje celkov\u00fa imunitu<br \/>\n<strong>\u017dih\u013eava v\u0148a\u0165<\/strong> &#8211; podporuje priedu\u0161ky a p\u013e\u00faca a celkov\u00fa imunitu vr\u00e1tane alergi\u00ed<br \/>\n<strong>Materina d\u00fa\u0161ka v\u0148a\u0165<\/strong> &#8211; podporuje d\u00fdchacie \u00fastrojenstvo &#8211; p\u013e\u00faca a priedu\u0161ky<br \/>\n<strong>Podbe\u013e list<\/strong> &#8211; podporuje horn\u00e9 d\u00fdchacie cesty<br \/>\n<strong>Sladk\u00e9 drievko kore\u0148<\/strong> &#8211; zlep\u0161uje d\u00fdchanie, tr\u00e1venie, celkovo upokojuje a uvo\u013e\u0148uje<br \/>\n<strong>Li\u0161ajn\u00edk islandsk\u00fd<\/strong> &#8211; celkovo podporuje telo a prirodzen\u00fa imunitu.<br \/>\nNapom\u00e1ha vyka\u0161liavaniu<br \/>\n<strong>Oman kore\u0148<\/strong> &#8211; podporuje d\u00fdchacie a tr\u00e1viace \u00fastrojenstvo<br \/>\n<strong>Jabl\u010dn\u00fd koncentr\u00e1t<\/strong><\/p>\n<p>N\u00e1vod na pou\u017eitie: 1 polievkov\u00fa ly\u017eicu koncentr\u00e1tu priamo prehltneme a zapijeme dostato\u010dn\u00fdm mno\u017estvom vody alebo priprav\u00edme \u010daj tak, \u017ee zriedime 1 polievkov\u00fa ly\u017eicu koncentr\u00e1tu teplou, prevarenou vodou a postupne pop\u00edjame.<br \/>\nU\u017e\u00edvame 3x denne pred jedlom alebo medzi jedlami. Po 3 t\u00fd\u017ed\u0148och u\u017e\u00edvania odpor\u00fa\u010dame 1 t\u00fd\u017ede\u0148 pauzu<\/p>\n<p>D\u00e1vka pre deti: 1 k\u00e1vov\u00e1 ly\u017ei\u010dka 2x denne<\/p>\n<p>Vhodn\u00e9 pre deti od 6 rokov.<\/p>\n<p><strong>Obsah balenia : 250 ml\u00a0<\/strong><\/p>\n","protected":false},"excerpt":{"rendered":"<p><strong>Obsah balenia : 250 ml\u00a0<\/strong><\/p>\n","protected":false},"featured_media":464,"comment_status":"open","ping_status":"closed","template":"","meta":[],"_links":{"self":[{"href":"http:\/\/cajovnajasminka.sk\/index.php?rest_route=\/wp\/v2\/product\/460"}],"collection":[{"href":"http:\/\/cajovnajasminka.sk\/index.php?rest_route=\/wp\/v2\/product"}],"about":[{"href":"http:\/\/cajovnajasminka.sk\/index.php?rest_route=\/wp\/v2\/types\/product"}],"replies":[{"embeddable":true,"href":"http:\/\/cajovnajasminka.sk\/index.php?rest_route=%2Fwp%2Fv2%2Fcomments&post=460"}],"wp:featuredmedia":[{"embeddable":true,"href":"http:\/\/cajovnajasminka.sk\/index.php?rest_route=\/wp\/v2\/media\/464"}],"wp:attachment":[{"href":"http:\/\/cajovnajasminka.sk\/index.php?rest_route=%2Fwp%2Fv2%2Fmedia&parent=460"}],"curies":[{"name":"wp","href":"https:\/\/api.w.org\/{rel}","templated":true}]}}