{"id":459,"date":"2017-05-04T11:33:04","date_gmt":"2017-05-04T09:33:04","guid":{"rendered":"http:\/\/cajovnajasminka.sk\/?post_type=product&#038;p=459"},"modified":"2024-02-12T08:37:51","modified_gmt":"2024-02-12T07:37:51","slug":"klby-a-chrbtica-cajovy-koncentrat","status":"publish","type":"product","link":"http:\/\/cajovnajasminka.sk\/?product=klby-a-chrbtica-cajovy-koncentrat","title":{"rendered":"K\u013aby a chrbtica-\u010dajov\u00fd koncentr\u00e1t"},"content":{"rendered":"<p><strong>Vysoko kvalitn\u00fd koncentrovan\u00fd bylinn\u00fd \u010daj zostaven\u00fd pod\u013ea origin\u00e1lnej recept\u00fary, vyr\u00e1ban\u00fd unik\u00e1tnou met\u00f3dou a ur\u010den\u00fd na konkr\u00e9tny probl\u00e9m<\/strong><\/p>\n<p><strong>Zlo\u017eenie :\u00a0<\/strong><\/p>\n<p><strong>Baza \u010dierna plod<\/strong> &#8211; podporuje prirodzen\u00fd stav k\u013abov<br \/>\n<strong>Pamajor\u00e1n v\u0148a\u0165<\/strong> &#8211; podporuje uvo\u013enenie a imunitu<br \/>\n<strong>Breza list<\/strong> &#8211; podporuje funkciu k\u013abov a obli\u010diek<br \/>\n<strong>\u017dih\u013eava v\u0148a\u0165<\/strong> &#8211; obsahuje pr\u00edrodn\u00e9 miner\u00e1ly<br \/>\n<strong>Prasli\u010dka v\u0148a\u0165<\/strong> &#8211; podporuje stav kost\u00ed, chrupavky a pohybov\u00e9ho apar\u00e1tu<br \/>\n<strong>\u013dubovn\u00edk v\u0148a\u0165<\/strong> &#8211; podporuje uvo\u013enenie a upokojenie<br \/>\n<strong>Jabl\u010dn\u00fd koncentr\u00e1t<\/strong><\/p>\n<p>N\u00e1vod na pou\u017eitie: 1 polievkov\u00fa ly\u017eicu koncentr\u00e1tu priamo prehltneme a zapijeme dostato\u010dn\u00fdm mno\u017estvom vody alebo priprav\u00edme \u010daj tak, \u017ee zriedime 1 polievkov\u00fa ly\u017eicu koncentr\u00e1tu teplou, prevarenou vodou a postupne pop\u00edjame.<br \/>\nU\u017e\u00edvame 3x denne pred jedlom alebo medzi jedlami. Po 3 t\u00fd\u017ed\u0148och u\u017e\u00edvania odpor\u00fa\u010dame 1 t\u00fd\u017ede\u0148 pauzu<\/p>\n<p>D\u00e1vka pre deti: 1 k\u00e1vov\u00e1 ly\u017ei\u010dka 2x denne<\/p>\n<p>Vhodn\u00e9 pre deti od 6 rokov.<\/p>\n<p><strong>Obsah balenia : 250 ml\u00a0<\/strong><\/p>\n","protected":false},"excerpt":{"rendered":"<p><strong>Obsah balenia : 250 ml\u00a0<\/strong><\/p>\n","protected":false},"featured_media":462,"comment_status":"open","ping_status":"closed","template":"","meta":[],"_links":{"self":[{"href":"http:\/\/cajovnajasminka.sk\/index.php?rest_route=\/wp\/v2\/product\/459"}],"collection":[{"href":"http:\/\/cajovnajasminka.sk\/index.php?rest_route=\/wp\/v2\/product"}],"about":[{"href":"http:\/\/cajovnajasminka.sk\/index.php?rest_route=\/wp\/v2\/types\/product"}],"replies":[{"embeddable":true,"href":"http:\/\/cajovnajasminka.sk\/index.php?rest_route=%2Fwp%2Fv2%2Fcomments&post=459"}],"wp:featuredmedia":[{"embeddable":true,"href":"http:\/\/cajovnajasminka.sk\/index.php?rest_route=\/wp\/v2\/media\/462"}],"wp:attachment":[{"href":"http:\/\/cajovnajasminka.sk\/index.php?rest_route=%2Fwp%2Fv2%2Fmedia&parent=459"}],"curies":[{"name":"wp","href":"https:\/\/api.w.org\/{rel}","templated":true}]}}