{"id":430,"date":"2017-05-04T10:15:17","date_gmt":"2017-05-04T08:15:17","guid":{"rendered":"http:\/\/cajovnajasminka.sk\/?post_type=product&#038;p=430"},"modified":"2023-02-15T09:55:30","modified_gmt":"2023-02-15T08:55:30","slug":"zlcnik-bylinny-caj-porciovany","status":"publish","type":"product","link":"http:\/\/cajovnajasminka.sk\/?product=zlcnik-bylinny-caj-porciovany","title":{"rendered":"\u017dl\u010dn\u00edk-Bylinn\u00fd \u010daj porciovan\u00fd"},"content":{"rendered":"<p>\u010cesk\u00fd kvalitn\u00fd sypan\u00fd bylinn\u00fd \u010daj zostavovan\u00fd pod\u013ea origin\u00e1lnej recept\u00fary, chr\u00e1nen\u00fd ochrannou zn\u00e1mkou, ur\u010den\u00fd na konkr\u00e9tny probl\u00e9m.<\/p>\n<p><strong>Zlo\u017eenie :\u00a0<\/strong><\/p>\n<p><strong>Pamajor\u00e1n v\u0148a\u0165<\/strong> \u2013 podporuje funkciu\u00a0<strong>\u017el\u010dn\u00edku a tr\u00e1venia<\/strong><br \/>\n<strong>Necht\u00edk kvet<\/strong> \u2013 podporuje vylu\u010dovanie<strong>\u00a0\u017el\u010dov\u00fdch kame\u0148ov<br \/>\n<\/strong><strong>Malina list<\/strong> &#8211; podporuje<strong> tr\u00e1venie<\/strong>, o\u010distu<br \/>\n<strong>Rebr\u00ed\u010dek v\u0148a\u0165<\/strong> \u2013 zni\u017euje <strong>nad\u00favanie<\/strong>, podporuje metabolizmus tukov<br \/>\n<strong>Rep\u00edk v\u0148a\u0165<\/strong> \u2013 podporuje vylu\u010dovacie<strong>\u00a0funkcie \u017el\u010dn\u00edka a pe\u010dene<\/strong><br \/>\n<strong>Oman kore\u0148<\/strong>\u00a0\u2013 podporuje tr\u00e1venie<br \/>\n<strong>\u013dubovn\u00edk\u00a0v\u0148a\u0165<\/strong> &#8211; uvo\u013e\u0148uje, <strong>upokojuje \u017el\u010dn\u00edk<\/strong><\/p>\n<p><strong>Obsah balenia : 15 x 2,5 g <\/strong><\/p>\n","protected":false},"excerpt":{"rendered":"<p><strong>Obsah balenia : 15 x 2,5 g <\/strong><\/p>\n","protected":false},"featured_media":1992,"comment_status":"open","ping_status":"closed","template":"","meta":[],"_links":{"self":[{"href":"http:\/\/cajovnajasminka.sk\/index.php?rest_route=\/wp\/v2\/product\/430"}],"collection":[{"href":"http:\/\/cajovnajasminka.sk\/index.php?rest_route=\/wp\/v2\/product"}],"about":[{"href":"http:\/\/cajovnajasminka.sk\/index.php?rest_route=\/wp\/v2\/types\/product"}],"replies":[{"embeddable":true,"href":"http:\/\/cajovnajasminka.sk\/index.php?rest_route=%2Fwp%2Fv2%2Fcomments&post=430"}],"wp:featuredmedia":[{"embeddable":true,"href":"http:\/\/cajovnajasminka.sk\/index.php?rest_route=\/wp\/v2\/media\/1992"}],"wp:attachment":[{"href":"http:\/\/cajovnajasminka.sk\/index.php?rest_route=%2Fwp%2Fv2%2Fmedia&parent=430"}],"curies":[{"name":"wp","href":"https:\/\/api.w.org\/{rel}","templated":true}]}}