{"id":427,"date":"2017-05-04T10:15:09","date_gmt":"2017-05-04T08:15:09","guid":{"rendered":"http:\/\/cajovnajasminka.sk\/?post_type=product&#038;p=427"},"modified":"2023-02-15T09:56:05","modified_gmt":"2023-02-15T08:56:05","slug":"zaludok-a-dvanastnik-bylinny-caj-porciovany","status":"publish","type":"product","link":"http:\/\/cajovnajasminka.sk\/?product=zaludok-a-dvanastnik-bylinny-caj-porciovany","title":{"rendered":"\u017dal\u00fadok a dvan\u00e1stnik-Bylinn\u00fd \u010daj porciovan\u00fd"},"content":{"rendered":"<p>\u010cesk\u00fd kvalitn\u00fd sypan\u00fd bylinn\u00fd \u010daj zostavovan\u00fd pod\u013ea origin\u00e1lnej recept\u00fary, chr\u00e1nen\u00fd ochrannou zn\u00e1mkou, ur\u010den\u00fd na konkr\u00e9tny probl\u00e9m.<\/p>\n<p><strong>Zlo\u017eenie :\u00a0<\/strong><\/p>\n<p><strong>Fenikel<\/strong> \u2013 podporuje spr\u00e1vnu <strong>mikrofl\u00f3ru v\u00a0za\u017e\u00edvac\u00edm traktu<\/strong><br \/>\n<strong>M\u00e4ta v\u0148a\u0165<\/strong> \u2013 podporuje \u010dinnos\u0165\u00a0<strong>\u017eal\u00fadku a \u010driev<br \/>\n<\/strong><strong>Slez list<\/strong> &#8211; podporuje tr\u00e1viaci trakt<br \/>\n<strong>Ibi\u0161\u00a0kore\u0148<\/strong>\u00a0\u2013 podporuje <strong>tr\u00e1viaci\u00a0trakt<\/strong><br \/>\n<strong>Pu\u0161kvorec kore\u0148<\/strong>\u00a0\u2013 podporuje tr\u00e1venie<br \/>\n<strong>\u013dubovn\u00edk v\u0148a\u0165<\/strong> &#8211; uvo\u013e\u0148uje , <strong>upokojuje tr\u00e1viaci trakt<\/strong><\/p>\n<p><strong>Obsah balenia : 15 x 2,5 g <\/strong><\/p>\n","protected":false},"excerpt":{"rendered":"<p><strong>Obsah balenia : 15 x 2,5 g <\/strong><\/p>\n","protected":false},"featured_media":1989,"comment_status":"open","ping_status":"closed","template":"","meta":[],"_links":{"self":[{"href":"http:\/\/cajovnajasminka.sk\/index.php?rest_route=\/wp\/v2\/product\/427"}],"collection":[{"href":"http:\/\/cajovnajasminka.sk\/index.php?rest_route=\/wp\/v2\/product"}],"about":[{"href":"http:\/\/cajovnajasminka.sk\/index.php?rest_route=\/wp\/v2\/types\/product"}],"replies":[{"embeddable":true,"href":"http:\/\/cajovnajasminka.sk\/index.php?rest_route=%2Fwp%2Fv2%2Fcomments&post=427"}],"wp:featuredmedia":[{"embeddable":true,"href":"http:\/\/cajovnajasminka.sk\/index.php?rest_route=\/wp\/v2\/media\/1989"}],"wp:attachment":[{"href":"http:\/\/cajovnajasminka.sk\/index.php?rest_route=%2Fwp%2Fv2%2Fmedia&parent=427"}],"curies":[{"name":"wp","href":"https:\/\/api.w.org\/{rel}","templated":true}]}}