{"id":426,"date":"2017-05-04T10:15:07","date_gmt":"2017-05-04T08:15:07","guid":{"rendered":"http:\/\/cajovnajasminka.sk\/?post_type=product&#038;p=426"},"modified":"2023-02-15T09:56:16","modified_gmt":"2023-02-15T08:56:16","slug":"zapcha-bylinny-caj-porciovany","status":"publish","type":"product","link":"http:\/\/cajovnajasminka.sk\/?product=zapcha-bylinny-caj-porciovany","title":{"rendered":"Vypr\u00e1zd\u0148ovanie\/Z\u00e1pcha-Bylinn\u00fd \u010daj porciovan\u00fd"},"content":{"rendered":"<p>\u010cesk\u00fd kvalitn\u00fd sypan\u00fd bylinn\u00fd \u010daj zostavovan\u00fd pod\u013ea origin\u00e1lnej recept\u00fary, chr\u00e1nen\u00fd ochrannou zn\u00e1mkou, ur\u010den\u00fd na konkr\u00e9tny probl\u00e9m.<\/p>\n<p><strong>Zlo\u017eenie :\u00a0<\/strong><\/p>\n<p><strong>\u013dan semeno<\/strong> \u2013 podporuje <strong>pravideln\u00fa stolicu, \u010drevn\u00fa peristaltiku<\/strong><br \/>\n<strong>\u010cakanka kore\u0148<\/strong>\u00a0\u2013 podporuje<strong> vylu\u010dovanie a spr\u00e1vne tr\u00e1venie<\/strong><br \/>\n<strong>Pamajor\u00e1n\u00a0v\u0148a\u0165<\/strong> \u2013 podporuje <strong>funkciu \u010driev<\/strong><br \/>\n<strong>Fenikel plod<\/strong> \u2013 podporuje <strong>\u010drevn\u00fa\u00a0mikrofl\u00f3ru<\/strong><strong><br \/>\n<\/strong><strong>Truskavec v\u0148a\u0165<\/strong> \u2013 podporuje tr\u00e1venie<br \/>\n<strong>Yzop v\u0148a\u0165<\/strong> \u2013 podporuje tr\u00e1venie<\/p>\n<p><strong>Obsah balenia : 15 x 2,5 g <\/strong><\/p>\n","protected":false},"excerpt":{"rendered":"<p><strong>Obsah balenia : 15 x 2,5 g <\/strong><\/p>\n","protected":false},"featured_media":1988,"comment_status":"open","ping_status":"closed","template":"","meta":[],"_links":{"self":[{"href":"http:\/\/cajovnajasminka.sk\/index.php?rest_route=\/wp\/v2\/product\/426"}],"collection":[{"href":"http:\/\/cajovnajasminka.sk\/index.php?rest_route=\/wp\/v2\/product"}],"about":[{"href":"http:\/\/cajovnajasminka.sk\/index.php?rest_route=\/wp\/v2\/types\/product"}],"replies":[{"embeddable":true,"href":"http:\/\/cajovnajasminka.sk\/index.php?rest_route=%2Fwp%2Fv2%2Fcomments&post=426"}],"wp:featuredmedia":[{"embeddable":true,"href":"http:\/\/cajovnajasminka.sk\/index.php?rest_route=\/wp\/v2\/media\/1988"}],"wp:attachment":[{"href":"http:\/\/cajovnajasminka.sk\/index.php?rest_route=%2Fwp%2Fv2%2Fmedia&parent=426"}],"curies":[{"name":"wp","href":"https:\/\/api.w.org\/{rel}","templated":true}]}}