{"id":424,"date":"2017-05-04T10:15:00","date_gmt":"2017-05-04T08:15:00","guid":{"rendered":"http:\/\/cajovnajasminka.sk\/?post_type=product&#038;p=424"},"modified":"2023-02-15T09:56:38","modified_gmt":"2023-02-15T08:56:38","slug":"hrube-crevo-bylinny-caj-porciovany","status":"publish","type":"product","link":"http:\/\/cajovnajasminka.sk\/?product=hrube-crevo-bylinny-caj-porciovany","title":{"rendered":"Hrub\u00e9 \u010drevo-Bylinn\u00fd \u010daj porciovan\u00fd"},"content":{"rendered":"<p>\u010cesk\u00fd kvalitn\u00fd sypan\u00fd bylinn\u00fd \u010daj zostavovan\u00fd pod\u013ea origin\u00e1lnej recept\u00fary, chr\u00e1nen\u00fd ochrannou zn\u00e1mkou, ur\u010den\u00fd na konkr\u00e9tny probl\u00e9m.<\/p>\n<p><strong>Zlo\u017eenie :\u00a0<\/strong><\/p>\n<p><strong>Ibi\u0161\u00a0kore\u0148<\/strong>\u00a0\u2013 podporuje <strong>\u010drev\u00e1\u00a0a \u010drevn\u00fa peristaltiku<\/strong><br \/>\n<strong>Pamajor\u00e1n v\u0148a\u0165<\/strong> &#8211; podporuje funkcie <strong>tr\u00e1venia\u00a0a \u010driev<br \/>\n<\/strong><strong>Fenikel plod<\/strong> &#8211; podporuje \u010drevn\u00fa<strong>\u00a0mikrofl\u00f3ru<\/strong>, p\u00f4sob\u00ed proti <strong>nad\u00favaniu<br \/>\n<\/strong><strong>N\u00e1tr\u017en\u00edk kore\u0148<\/strong>\u00a0&#8211; podporuje \u010dinnos\u0165 \u010driev<br \/>\n<strong>Rep\u00edk v\u0148a\u0165<\/strong> \u2013 podporuje <strong>imunitu a \u010drev\u00e1<\/strong><\/p>\n<p><strong>Obsah balenia : 15 x 2,5 g <\/strong><\/p>\n","protected":false},"excerpt":{"rendered":"<p><strong>Obsah balenia : 15 x 2,5 g <\/strong><\/p>\n","protected":false},"featured_media":1960,"comment_status":"open","ping_status":"closed","template":"","meta":[],"_links":{"self":[{"href":"http:\/\/cajovnajasminka.sk\/index.php?rest_route=\/wp\/v2\/product\/424"}],"collection":[{"href":"http:\/\/cajovnajasminka.sk\/index.php?rest_route=\/wp\/v2\/product"}],"about":[{"href":"http:\/\/cajovnajasminka.sk\/index.php?rest_route=\/wp\/v2\/types\/product"}],"replies":[{"embeddable":true,"href":"http:\/\/cajovnajasminka.sk\/index.php?rest_route=%2Fwp%2Fv2%2Fcomments&post=424"}],"wp:featuredmedia":[{"embeddable":true,"href":"http:\/\/cajovnajasminka.sk\/index.php?rest_route=\/wp\/v2\/media\/1960"}],"wp:attachment":[{"href":"http:\/\/cajovnajasminka.sk\/index.php?rest_route=%2Fwp%2Fv2%2Fmedia&parent=424"}],"curies":[{"name":"wp","href":"https:\/\/api.w.org\/{rel}","templated":true}]}}