{"id":423,"date":"2017-05-04T10:14:58","date_gmt":"2017-05-04T08:14:58","guid":{"rendered":"http:\/\/cajovnajasminka.sk\/?post_type=product&#038;p=423"},"modified":"2023-02-15T09:56:51","modified_gmt":"2023-02-15T08:56:51","slug":"zvysena-stitna-zlaza-bylinny-caj-porciovany","status":"publish","type":"product","link":"http:\/\/cajovnajasminka.sk\/?product=zvysena-stitna-zlaza-bylinny-caj-porciovany","title":{"rendered":"Zv\u00fd\u0161en\u00e1 \u0161t\u00edtna \u017e\u013eaza-Bylinn\u00fd \u010daj porciovan\u00fd"},"content":{"rendered":"<p>\u010cesk\u00fd kvalitn\u00fd sypan\u00fd bylinn\u00fd \u010daj zostavovan\u00fd pod\u013ea origin\u00e1lnej recept\u00fary, chr\u00e1nen\u00fd ochrannou zn\u00e1mkou, ur\u010den\u00fd na konkr\u00e9tny probl\u00e9m.<\/p>\n<p><strong>Zlo\u017eenie :\u00a0<\/strong><\/p>\n<p><strong>Medovka v\u0148a\u0165<\/strong> \u2013 podporuje hormon\u00e1lnu\u00a0<strong>vyrovnanos\u0165 a norm\u00e1lnu funkciu \u0161t\u00edtnej \u017e\u013eazy<br \/>\n<\/strong><strong>Komonica v\u0148a\u0165<\/strong> &#8211; napom\u00e1ha norm\u00e1lnej funkci\u00ed\u00a0<strong>kardiovaskul\u00e1rneho syst\u00e9mu<\/strong><br \/>\n<strong>Karbinec v\u0148a\u0165<\/strong> \u2013 napom\u00e1ha\u00a0<strong>norm\u00e1lnej funkci\u00ed \u0161t\u00edtnej \u017e\u013eazy<br \/>\n<\/strong><strong>Srdcovn\u00edk v\u0148a\u0165<\/strong> &#8211; napom\u00e1ha norm\u00e1lnej\u00a0<strong>funkci\u00ed srdca<\/strong>\u00a0a \u0161t\u00edtnej \u017e\u013eazy<\/p>\n<p><strong>Obsah balenia : 15 x 2,5 g <\/strong><\/p>\n","protected":false},"excerpt":{"rendered":"<p><strong>Obsah balenia : 15 x 2,5 g <\/strong><\/p>\n","protected":false},"featured_media":1986,"comment_status":"open","ping_status":"closed","template":"","meta":[],"_links":{"self":[{"href":"http:\/\/cajovnajasminka.sk\/index.php?rest_route=\/wp\/v2\/product\/423"}],"collection":[{"href":"http:\/\/cajovnajasminka.sk\/index.php?rest_route=\/wp\/v2\/product"}],"about":[{"href":"http:\/\/cajovnajasminka.sk\/index.php?rest_route=\/wp\/v2\/types\/product"}],"replies":[{"embeddable":true,"href":"http:\/\/cajovnajasminka.sk\/index.php?rest_route=%2Fwp%2Fv2%2Fcomments&post=423"}],"wp:featuredmedia":[{"embeddable":true,"href":"http:\/\/cajovnajasminka.sk\/index.php?rest_route=\/wp\/v2\/media\/1986"}],"wp:attachment":[{"href":"http:\/\/cajovnajasminka.sk\/index.php?rest_route=%2Fwp%2Fv2%2Fmedia&parent=423"}],"curies":[{"name":"wp","href":"https:\/\/api.w.org\/{rel}","templated":true}]}}