{"id":422,"date":"2017-05-04T10:14:56","date_gmt":"2017-05-04T08:14:56","guid":{"rendered":"http:\/\/cajovnajasminka.sk\/?post_type=product&#038;p=422"},"modified":"2023-02-15T09:57:02","modified_gmt":"2023-02-15T08:57:02","slug":"znizena-stitna-zlaza-bylinny-caj-porciovany","status":"publish","type":"product","link":"http:\/\/cajovnajasminka.sk\/?product=znizena-stitna-zlaza-bylinny-caj-porciovany","title":{"rendered":"Zn\u00ed\u017een\u00e1 \u0161t\u00edtna \u017e\u013eaza-Bylinn\u00fd \u010daj porciovan\u00fd"},"content":{"rendered":"<p>\u010cesk\u00fd kvalitn\u00fd sypan\u00fd bylinn\u00fd \u010daj zostavovan\u00fd pod\u013ea origin\u00e1lnej recept\u00fary, chr\u00e1nen\u00fd ochrannou zn\u00e1mkou, ur\u010den\u00fd na konkr\u00e9tny probl\u00e9m.<\/p>\n<p><strong>Zlo\u017eenie :\u00a0<\/strong><\/p>\n<p><strong>\u017dih\u013eava v\u0148a\u0165<\/strong> \u2013 obsahuje pr\u00edrodn\u00e9 miner\u00e1ly<br \/>\n<strong>\u0160alvia v\u0148a\u0165<\/strong> \u2013 <strong>podporuje funkciu \u0161t\u00edtnej \u017e\u013eazy a hormon\u00e1lneho syst\u00e9mu<br \/>\n<\/strong><strong>Chaluha bublinat\u00e1<\/strong> <strong>&#8211; podporuje funkciu \u0161t\u00edtnej \u017e\u013eazy, tvorbu hormonov<\/strong>, vypr\u00e1zd\u0148ovanie<br \/>\n<strong>An\u00edz plod<\/strong> \u2013 podporuje tr\u00e1venie<\/p>\n<p><strong>Obsah balenia : 15 x 2,5 g <\/strong><\/p>\n","protected":false},"excerpt":{"rendered":"<p><strong>Obsah balenia : 15 x 2,5 g <\/strong><\/p>\n","protected":false},"featured_media":1985,"comment_status":"open","ping_status":"closed","template":"","meta":[],"_links":{"self":[{"href":"http:\/\/cajovnajasminka.sk\/index.php?rest_route=\/wp\/v2\/product\/422"}],"collection":[{"href":"http:\/\/cajovnajasminka.sk\/index.php?rest_route=\/wp\/v2\/product"}],"about":[{"href":"http:\/\/cajovnajasminka.sk\/index.php?rest_route=\/wp\/v2\/types\/product"}],"replies":[{"embeddable":true,"href":"http:\/\/cajovnajasminka.sk\/index.php?rest_route=%2Fwp%2Fv2%2Fcomments&post=422"}],"wp:featuredmedia":[{"embeddable":true,"href":"http:\/\/cajovnajasminka.sk\/index.php?rest_route=\/wp\/v2\/media\/1985"}],"wp:attachment":[{"href":"http:\/\/cajovnajasminka.sk\/index.php?rest_route=%2Fwp%2Fv2%2Fmedia&parent=422"}],"curies":[{"name":"wp","href":"https:\/\/api.w.org\/{rel}","templated":true}]}}