{"id":421,"date":"2017-05-04T10:14:55","date_gmt":"2017-05-04T08:14:55","guid":{"rendered":"http:\/\/cajovnajasminka.sk\/?post_type=product&#038;p=421"},"modified":"2023-02-15T09:57:13","modified_gmt":"2023-02-15T08:57:13","slug":"stihla-linia-bylinny-caj-porciovany","status":"publish","type":"product","link":"http:\/\/cajovnajasminka.sk\/?product=stihla-linia-bylinny-caj-porciovany","title":{"rendered":"\u0160t\u00edhla l\u00ednia-Bylinn\u00fd \u010daj porciovan\u00fd"},"content":{"rendered":"<p>\u010cesk\u00fd kvalitn\u00fd sypan\u00fd bylinn\u00fd \u010daj zostavovan\u00fd pod\u013ea origin\u00e1lnej recept\u00fary, chr\u00e1nen\u00fd ochrannou zn\u00e1mkou, ur\u010den\u00fd na konkr\u00e9tny probl\u00e9m.<\/p>\n<p><strong>Zlo\u017eenie :\u00a0<\/strong><\/p>\n<p><strong>Rooibos <\/strong>\u2013 prirodzen\u00fd antioxidant<br \/>\n<strong>P\u00fapava\u00a0kore\u0148<\/strong>\u00a0\u2013 podporuje <strong>zni\u017eovanie telesnej hmotnosti a detoxik\u00e1ciu\u00a0<\/strong><br \/>\n<strong>\u010cakanka v\u0148a\u0165<\/strong> \u2013 podporuje <strong>redukciu v\u00e1hy<\/strong> a\u00a0tr\u00e1venie<br \/>\n<strong>Chaluha bublinat\u00e1<\/strong> \u2013 podporuje <strong>metabolizmus, funkciu \u0161t\u00edtnej \u017e\u013eazy<\/strong>, redukciu v\u00e1hy<br \/>\n<strong>Necht\u00edk kvet<\/strong>\u00a0\u2013 podporuje funkciu pe\u010dene a \u010driev<br \/>\n<strong>Rebr\u00ed\u010dek v\u0148a\u0165<\/strong> \u2013 podporuje<strong> metabolizmus tukov a zni\u017eovanie v\u00e1hy<\/strong><br \/>\n<strong>Truskavec v\u0148a\u0165<\/strong> &#8211; podporuje funkciu \u010driev a redukciu v\u00e1hy<\/p>\n<p><strong>Obsah balenia : 15 x 2,5 g <\/strong><\/p>\n","protected":false},"excerpt":{"rendered":"<p><strong>Obsah balenia : 15 x 2,5 g <\/strong><\/p>\n","protected":false},"featured_media":1984,"comment_status":"open","ping_status":"closed","template":"","meta":[],"_links":{"self":[{"href":"http:\/\/cajovnajasminka.sk\/index.php?rest_route=\/wp\/v2\/product\/421"}],"collection":[{"href":"http:\/\/cajovnajasminka.sk\/index.php?rest_route=\/wp\/v2\/product"}],"about":[{"href":"http:\/\/cajovnajasminka.sk\/index.php?rest_route=\/wp\/v2\/types\/product"}],"replies":[{"embeddable":true,"href":"http:\/\/cajovnajasminka.sk\/index.php?rest_route=%2Fwp%2Fv2%2Fcomments&post=421"}],"wp:featuredmedia":[{"embeddable":true,"href":"http:\/\/cajovnajasminka.sk\/index.php?rest_route=\/wp\/v2\/media\/1984"}],"wp:attachment":[{"href":"http:\/\/cajovnajasminka.sk\/index.php?rest_route=%2Fwp%2Fv2%2Fmedia&parent=421"}],"curies":[{"name":"wp","href":"https:\/\/api.w.org\/{rel}","templated":true}]}}