{"id":420,"date":"2017-05-04T10:14:34","date_gmt":"2017-05-04T08:14:34","guid":{"rendered":"http:\/\/cajovnajasminka.sk\/?post_type=product&#038;p=420"},"modified":"2023-02-15T09:57:25","modified_gmt":"2023-02-15T08:57:25","slug":"creva-bylinny-caj-porciovany","status":"publish","type":"product","link":"http:\/\/cajovnajasminka.sk\/?product=creva-bylinny-caj-porciovany","title":{"rendered":"\u010crev\u00e1-Bylinn\u00fd \u010daj porciovan\u00fd"},"content":{"rendered":"<p>\u010cesk\u00fd kvalitn\u00fd sypan\u00fd bylinn\u00fd \u010daj zostavovan\u00fd pod\u013ea origin\u00e1lnej recept\u00fary, chr\u00e1nen\u00fd ochrannou zn\u00e1mkou, ur\u010den\u00fd na konkr\u00e9tny probl\u00e9m.<\/p>\n<p><strong>Zlo\u017eenie :\u00a0<\/strong><\/p>\n<p><strong>\u010cu\u010doriedka plod<\/strong> &#8211; podporuje<strong> prirodzen\u00fa funkciu \u010driev, \u010drevn\u00fa sliznicu\u00a0<\/strong><br \/>\n<strong>Ibi\u0161\u00a0kore\u0148<\/strong>\u00a0&#8211; podporuje spr\u00e1vnu <strong>\u010drevn\u00fa\u00a0peristaltiku<br \/>\n<\/strong><strong>M\u00e4ta v\u0148a\u0165<\/strong> \u2013 podporuje tr\u00e1venie\u00a0a \u010drev\u00e1<br \/>\n<strong>N\u00e1tr\u017en\u00edk\u00a0hus\u00ed v\u0148a\u0165<\/strong> \u2013 podporuje <strong>\u010drevn\u00fa\u00a0<\/strong><strong>\u00a0mikrofl\u00f3ru<\/strong><br \/>\n<strong>N\u00e1tr\u017en\u00edk kore\u0148<\/strong>\u00a0\u2013 podporuje norm\u00e1lnu\u00a0<strong>funkciu \u010driev<\/strong><br \/>\n<strong>Rep\u00edk v\u0148a\u0165<\/strong> \u2013 podporuje norm\u00e1lne tr\u00e1venie<\/p>\n<p><strong>Obsah balenia : 15 x 2,5 g <\/strong><\/p>\n","protected":false},"excerpt":{"rendered":"<p><strong>Obsah balenia : 15 x 2,5 g <\/strong><\/p>\n","protected":false},"featured_media":1959,"comment_status":"open","ping_status":"closed","template":"","meta":[],"_links":{"self":[{"href":"http:\/\/cajovnajasminka.sk\/index.php?rest_route=\/wp\/v2\/product\/420"}],"collection":[{"href":"http:\/\/cajovnajasminka.sk\/index.php?rest_route=\/wp\/v2\/product"}],"about":[{"href":"http:\/\/cajovnajasminka.sk\/index.php?rest_route=\/wp\/v2\/types\/product"}],"replies":[{"embeddable":true,"href":"http:\/\/cajovnajasminka.sk\/index.php?rest_route=%2Fwp%2Fv2%2Fcomments&post=420"}],"wp:featuredmedia":[{"embeddable":true,"href":"http:\/\/cajovnajasminka.sk\/index.php?rest_route=\/wp\/v2\/media\/1959"}],"wp:attachment":[{"href":"http:\/\/cajovnajasminka.sk\/index.php?rest_route=%2Fwp%2Fv2%2Fmedia&parent=420"}],"curies":[{"name":"wp","href":"https:\/\/api.w.org\/{rel}","templated":true}]}}