{"id":417,"date":"2017-05-04T10:14:15","date_gmt":"2017-05-04T08:14:15","guid":{"rendered":"http:\/\/cajovnajasminka.sk\/?post_type=product&#038;p=417"},"modified":"2023-02-15T09:57:58","modified_gmt":"2023-02-15T08:57:58","slug":"priedusky-bylinny-caj-porciovany","status":"publish","type":"product","link":"http:\/\/cajovnajasminka.sk\/?product=priedusky-bylinny-caj-porciovany","title":{"rendered":"Priedu\u0161ky-Bylinn\u00fd \u010daj porciovan\u00fd"},"content":{"rendered":"<p>\u010cesk\u00fd kvalitn\u00fd sypan\u00fd bylinn\u00fd \u010daj zostavovan\u00fd pod\u013ea origin\u00e1lnej recept\u00fary, chr\u00e1nen\u00fd ochrannou zn\u00e1mkou, ur\u010den\u00fd na konkr\u00e9tny probl\u00e9m.<\/p>\n<p><strong>Zlo\u017eenie :\u00a0<\/strong><\/p>\n<p><strong>Materina d\u00fa\u0161ka v\u0148a\u0165<\/strong> &#8211; podporuje <strong>d\u00fdchanie<br \/>\n<\/strong><strong>Ibi\u0161\u00a0kore\u0148<\/strong>\u00a0&#8211; podporuje <strong>funkciu d\u00fdchacieho traktu<br \/>\n<\/strong><strong>Skorocel\u00a0list<\/strong> &#8211; podporuje <strong>imunitu<\/strong>, mikrobi\u00e1lnu rovnov\u00e1hu, d\u00fdchanie<br \/>\n<strong>Oman kore\u0148<\/strong>\u00a0&#8211; podporuje<strong> horn\u00e9 d\u00fdchacie cesty<\/strong>, o\u010distu tela<br \/>\n<strong>Podbe\u013e list<\/strong> &#8211; podporuje horn\u00e9 d\u00fdchacie cesty a imunitu<br \/>\n<strong>Prvosienka kvet<\/strong> &#8211; podporuje <strong>d\u00fdchanie a relax\u00e1ciu<br \/>\n<\/strong><strong>\u0160alvia v\u0148a\u0165<\/strong> &#8211; podporuje imunitu, p\u00f4sob\u00ed pri nadmernom poten\u00ed<\/p>\n<p><strong>Obsah balenia : 15 x 2,5 g <\/strong><\/p>\n","protected":false},"excerpt":{"rendered":"<p><strong>Obsah balenia : 15 x 2,5 g <\/strong><\/p>\n","protected":false},"featured_media":1953,"comment_status":"open","ping_status":"closed","template":"","meta":[],"_links":{"self":[{"href":"http:\/\/cajovnajasminka.sk\/index.php?rest_route=\/wp\/v2\/product\/417"}],"collection":[{"href":"http:\/\/cajovnajasminka.sk\/index.php?rest_route=\/wp\/v2\/product"}],"about":[{"href":"http:\/\/cajovnajasminka.sk\/index.php?rest_route=\/wp\/v2\/types\/product"}],"replies":[{"embeddable":true,"href":"http:\/\/cajovnajasminka.sk\/index.php?rest_route=%2Fwp%2Fv2%2Fcomments&post=417"}],"wp:featuredmedia":[{"embeddable":true,"href":"http:\/\/cajovnajasminka.sk\/index.php?rest_route=\/wp\/v2\/media\/1953"}],"wp:attachment":[{"href":"http:\/\/cajovnajasminka.sk\/index.php?rest_route=%2Fwp%2Fv2%2Fmedia&parent=417"}],"curies":[{"name":"wp","href":"https:\/\/api.w.org\/{rel}","templated":true}]}}