{"id":414,"date":"2017-05-04T10:14:09","date_gmt":"2017-05-04T08:14:09","guid":{"rendered":"http:\/\/cajovnajasminka.sk\/?post_type=product&#038;p=414"},"modified":"2023-02-15T09:58:20","modified_gmt":"2023-02-15T08:58:20","slug":"chrbtica-bylinny-caj-porciovany","status":"publish","type":"product","link":"http:\/\/cajovnajasminka.sk\/?product=chrbtica-bylinny-caj-porciovany","title":{"rendered":"Chrbtica-Bylinn\u00fd \u010daj porciovan\u00fd"},"content":{"rendered":"<p>\u010cesk\u00fd kvalitn\u00fd sypan\u00fd bylinn\u00fd \u010daj zostavovan\u00fd pod\u013ea origin\u00e1lnej recept\u00fary, chr\u00e1nen\u00fd ochrannou zn\u00e1mkou, ur\u010den\u00fd na konkr\u00e9tny probl\u00e9m.<\/p>\n<p><strong>Zlo\u017eenie :\u00a0<\/strong><\/p>\n<p><strong>\u013dan semeno<\/strong> \u2013 podporuje tr\u00e1venie a \u010drev\u00e1<br \/>\n<strong>Baza \u010dierna plod<\/strong> \u2013 podporuje k\u013aby, <strong>pohybov\u00fd apar\u00e1t<br \/>\n<\/strong><strong>Pamajor\u00e1n\u00a0v\u0148a\u0165<\/strong> \u2013 podporuje <strong>uvo\u013enenie<br \/>\n<\/strong><strong>Prasli\u010dka v\u0148a\u0165<\/strong> \u2013 podporuje stav <strong>chrupaviek, tkan\u00edv, kost\u00ed<\/strong><br \/>\n<strong>Zelen\u00fd \u010daj<\/strong> \u2013 podporuje cievy, <strong>prekrvenie<\/strong>, obli\u010dky<br \/>\n<strong>\u013dubovn\u00edk\u00a0v\u0148a\u0165<\/strong> \u2013 podporuje <strong>uvo\u013enenie, relax<\/strong><\/p>\n<p><strong>Obsah balenia : 15 x 2,5 g <\/strong><\/p>\n","protected":false},"excerpt":{"rendered":"<p><strong>Obsah balenia : 15 x 2,5 g <\/strong><\/p>\n","protected":false},"featured_media":1967,"comment_status":"open","ping_status":"closed","template":"","meta":[],"_links":{"self":[{"href":"http:\/\/cajovnajasminka.sk\/index.php?rest_route=\/wp\/v2\/product\/414"}],"collection":[{"href":"http:\/\/cajovnajasminka.sk\/index.php?rest_route=\/wp\/v2\/product"}],"about":[{"href":"http:\/\/cajovnajasminka.sk\/index.php?rest_route=\/wp\/v2\/types\/product"}],"replies":[{"embeddable":true,"href":"http:\/\/cajovnajasminka.sk\/index.php?rest_route=%2Fwp%2Fv2%2Fcomments&post=414"}],"wp:featuredmedia":[{"embeddable":true,"href":"http:\/\/cajovnajasminka.sk\/index.php?rest_route=\/wp\/v2\/media\/1967"}],"wp:attachment":[{"href":"http:\/\/cajovnajasminka.sk\/index.php?rest_route=%2Fwp%2Fv2%2Fmedia&parent=414"}],"curies":[{"name":"wp","href":"https:\/\/api.w.org\/{rel}","templated":true}]}}