{"id":413,"date":"2017-05-04T10:14:07","date_gmt":"2017-05-04T08:14:07","guid":{"rendered":"http:\/\/cajovnajasminka.sk\/?post_type=product&#038;p=413"},"modified":"2023-02-15T09:58:39","modified_gmt":"2023-02-15T08:58:39","slug":"opuchy-bylinny-porciovany","status":"publish","type":"product","link":"http:\/\/cajovnajasminka.sk\/?product=opuchy-bylinny-porciovany","title":{"rendered":"Odvodnenie\/Opuchy-Bylinn\u00fd porciovan\u00fd"},"content":{"rendered":"<p>\u010cesk\u00fd kvalitn\u00fd sypan\u00fd bylinn\u00fd \u010daj zostavovan\u00fd pod\u013ea origin\u00e1lnej recept\u00fary, chr\u00e1nen\u00fd ochrannou zn\u00e1mkou, ur\u010den\u00fd na konkr\u00e9tny probl\u00e9m.<\/p>\n<p><strong>Zlo\u017eenie :\u00a0<\/strong><\/p>\n<p><strong>\u017dih\u013eava v\u0148a\u0165<\/strong>\u00a0\u2013 podporuje obli\u010dky, cievy, p\u00f4sob\u00ed <strong>pri pocite \u0165a\u017ek\u00fdch n\u00f4h<\/strong><br \/>\n<strong>Breza list<\/strong> &#8211; podporuje <strong>vylu\u010dovanie a o\u010distu<br \/>\n<\/strong><strong>Vres v\u0148a\u0165<\/strong> &#8211; podporuje <strong>obli\u010dky<br \/>\n<\/strong><strong>T\u00fa\u017eobn\u00edk v\u0148a\u0165<\/strong> \u2013 podporuje ko\u017eu, tkaniv\u00e1, <strong>vylu\u010dovanie<br \/>\n<\/strong><strong>Ihlica\u00a0kore\u0148<\/strong>\u00a0\u2013 podporuje <strong>mo\u010dov\u00e9 \u00fastrojenstvo<\/strong><br \/>\n<strong>Komonica v\u0148a\u0165<\/strong> \u2013 podporuje <strong>o\u010distu krvi<\/strong>, p\u00f4sob\u00ed pri pocite \u0165a\u017ek\u00fdch n\u00f4h<\/p>\n<p><strong>Obsah balenia : 15 x 2,5 g <\/strong><\/p>\n","protected":false},"excerpt":{"rendered":"<p><strong>Obsah balenia : 15 x 2,5 g <\/strong><\/p>\n","protected":false},"featured_media":1977,"comment_status":"open","ping_status":"closed","template":"","meta":[],"_links":{"self":[{"href":"http:\/\/cajovnajasminka.sk\/index.php?rest_route=\/wp\/v2\/product\/413"}],"collection":[{"href":"http:\/\/cajovnajasminka.sk\/index.php?rest_route=\/wp\/v2\/product"}],"about":[{"href":"http:\/\/cajovnajasminka.sk\/index.php?rest_route=\/wp\/v2\/types\/product"}],"replies":[{"embeddable":true,"href":"http:\/\/cajovnajasminka.sk\/index.php?rest_route=%2Fwp%2Fv2%2Fcomments&post=413"}],"wp:featuredmedia":[{"embeddable":true,"href":"http:\/\/cajovnajasminka.sk\/index.php?rest_route=\/wp\/v2\/media\/1977"}],"wp:attachment":[{"href":"http:\/\/cajovnajasminka.sk\/index.php?rest_route=%2Fwp%2Fv2%2Fmedia&parent=413"}],"curies":[{"name":"wp","href":"https:\/\/api.w.org\/{rel}","templated":true}]}}