{"id":391,"date":"2017-05-03T13:45:57","date_gmt":"2017-05-03T11:45:57","guid":{"rendered":"http:\/\/cajovnajasminka.sk\/?post_type=product&#038;p=391"},"modified":"2023-02-15T09:59:01","modified_gmt":"2023-02-15T08:59:01","slug":"mocovy-mechur-bylinny-caj-porciovany","status":"publish","type":"product","link":"http:\/\/cajovnajasminka.sk\/?product=mocovy-mechur-bylinny-caj-porciovany","title":{"rendered":"Mo\u010dov\u00fd mech\u00far-Bylinn\u00fd \u010daj porciovan\u00fd"},"content":{"rendered":"<p>\u010cesk\u00fd kvalitn\u00fd sypan\u00fd bylinn\u00fd \u010daj zostavovan\u00fd pod\u013ea origin\u00e1lnej recept\u00fary, chr\u00e1nen\u00fd ochrannou zn\u00e1mkou, ur\u010den\u00fd na konkr\u00e9tny probl\u00e9m.<\/p>\n<p><strong>Zlo\u017eenie :\u00a0<\/strong><\/p>\n<p><strong>Breza list<\/strong> &#8211; podporuje funkciu obli\u010diek a <strong>mo\u010dov\u00e9ho \u00fastrojenstva<br \/>\n<\/strong><strong>Truskavec v\u0148a\u0165<\/strong> &#8211; podporuje funkciu \u010driev a mikrofl\u00f3ru<br \/>\n<strong>Skorocel v\u0148a\u0165<\/strong> \u2013 normalizuje <strong>mikrobi\u00e1lnu rovnov\u00e1hu<br \/>\n<\/strong><strong>Kapuc\u00ednka\u00a0semeno<\/strong> &#8211; podporuje imunitn\u00fd syst\u00e9m<br \/>\n<strong>Baza \u010dierna\u00a0kvet<\/strong> &#8211; podporuje <strong>obli\u010dky\u00a0a vylu\u010dovanie<\/strong><br \/>\n<strong>Zlatoby\u013e v\u0148a\u0165<\/strong> &#8211; podporuje <strong>mo\u010dov\u00fd mech\u00far a mo\u010dov\u00e9 \u00fastrojenstvo<\/strong><br \/>\n<strong>Medvedica\u00a0list<\/strong> \u2013 podporuje <strong>mo\u010dov\u00fd mech\u00far a imunitu<\/strong><br \/>\n<strong>Ihlica\u00a0kore\u0148<\/strong>\u00a0\u2013 p\u00f4sob\u00ed pri <strong>infekci\u00ed mo\u010dov\u00fdch ciest<\/strong><\/p>\n<p><strong>Obsah balenia : 15 x 2,5 g <\/strong><\/p>\n","protected":false},"excerpt":{"rendered":"<p><strong>Obsah balenia : 15 x 2,5 g <\/strong><\/p>\n","protected":false},"featured_media":1973,"comment_status":"open","ping_status":"closed","template":"","meta":[],"_links":{"self":[{"href":"http:\/\/cajovnajasminka.sk\/index.php?rest_route=\/wp\/v2\/product\/391"}],"collection":[{"href":"http:\/\/cajovnajasminka.sk\/index.php?rest_route=\/wp\/v2\/product"}],"about":[{"href":"http:\/\/cajovnajasminka.sk\/index.php?rest_route=\/wp\/v2\/types\/product"}],"replies":[{"embeddable":true,"href":"http:\/\/cajovnajasminka.sk\/index.php?rest_route=%2Fwp%2Fv2%2Fcomments&post=391"}],"wp:featuredmedia":[{"embeddable":true,"href":"http:\/\/cajovnajasminka.sk\/index.php?rest_route=\/wp\/v2\/media\/1973"}],"wp:attachment":[{"href":"http:\/\/cajovnajasminka.sk\/index.php?rest_route=%2Fwp%2Fv2%2Fmedia&parent=391"}],"curies":[{"name":"wp","href":"https:\/\/api.w.org\/{rel}","templated":true}]}}