{"id":389,"date":"2017-05-03T13:45:40","date_gmt":"2017-05-03T11:45:40","guid":{"rendered":"http:\/\/cajovnajasminka.sk\/?post_type=product&#038;p=389"},"modified":"2023-02-15T09:59:25","modified_gmt":"2023-02-15T08:59:25","slug":"lymfa-bylinny-caj-porciovany","status":"publish","type":"product","link":"http:\/\/cajovnajasminka.sk\/?product=lymfa-bylinny-caj-porciovany","title":{"rendered":"Lymfa-Bylinn\u00fd \u010daj porciovan\u00fd"},"content":{"rendered":"<p>\u010cesk\u00fd kvalitn\u00fd sypan\u00fd bylinn\u00fd \u010daj zostavovan\u00fd pod\u013ea origin\u00e1lnej recept\u00fary, chr\u00e1nen\u00fd ochrannou zn\u00e1mkou, ur\u010den\u00fd na konkr\u00e9tny probl\u00e9m.<\/p>\n<p><strong>Zlo\u017eenie :\u00a0<\/strong><\/p>\n<p><strong>\u0160\u00edpka plod<\/strong> \u2013 podporuje <strong>krvn\u00fd obeh<\/strong>, norm\u00e1lny stav ko\u017ee<br \/>\n<strong>Lipkavec\u00a0v\u0148a\u0165<\/strong> \u2013 podporuje <strong>lymfatick\u00fd syst\u00e9m<\/strong>, mo\u010dov\u00e9 \u00fastrojenstvo<br \/>\n<strong>Divozel\u00a0kvet<\/strong> &#8211; podporuje<strong> vylu\u010dovac\u00ed syst\u00e9m<br \/>\n<\/strong><strong>Pupo\u010dn\u00edk azijsk\u00fd v\u0148a\u0165<\/strong> \u2013 p\u00f4sob\u00ed proti <strong>pocitu ta\u017ek\u00fdch n\u00f4h<\/strong>, celkovo posil\u0148uje<br \/>\n<strong>Trezalka v\u0148a\u0165<\/strong> \u2013 podporuje <strong>o\u010distu organizmu<\/strong><\/p>\n<p><strong>Obsah balenia : 15 x 2,5 g <\/strong><\/p>\n","protected":false},"excerpt":{"rendered":"<p><strong>Obsah balenia : 15 x 2,5 g <\/strong><\/p>\n","protected":false},"featured_media":1954,"comment_status":"open","ping_status":"closed","template":"","meta":[],"_links":{"self":[{"href":"http:\/\/cajovnajasminka.sk\/index.php?rest_route=\/wp\/v2\/product\/389"}],"collection":[{"href":"http:\/\/cajovnajasminka.sk\/index.php?rest_route=\/wp\/v2\/product"}],"about":[{"href":"http:\/\/cajovnajasminka.sk\/index.php?rest_route=\/wp\/v2\/types\/product"}],"replies":[{"embeddable":true,"href":"http:\/\/cajovnajasminka.sk\/index.php?rest_route=%2Fwp%2Fv2%2Fcomments&post=389"}],"wp:featuredmedia":[{"embeddable":true,"href":"http:\/\/cajovnajasminka.sk\/index.php?rest_route=\/wp\/v2\/media\/1954"}],"wp:attachment":[{"href":"http:\/\/cajovnajasminka.sk\/index.php?rest_route=%2Fwp%2Fv2%2Fmedia&parent=389"}],"curies":[{"name":"wp","href":"https:\/\/api.w.org\/{rel}","templated":true}]}}