{"id":387,"date":"2017-05-03T13:45:36","date_gmt":"2017-05-03T11:45:36","guid":{"rendered":"http:\/\/cajovnajasminka.sk\/?post_type=product&#038;p=387"},"modified":"2023-02-15T10:01:15","modified_gmt":"2023-02-15T09:01:15","slug":"oblicky-muzi-bylinny-caj-porciovany","status":"publish","type":"product","link":"http:\/\/cajovnajasminka.sk\/?product=oblicky-muzi-bylinny-caj-porciovany","title":{"rendered":"Obli\u010dky mu\u017ei-Bylinn\u00fd \u010daj porciovan\u00fd"},"content":{"rendered":"<p>\u010cesk\u00fd kvalitn\u00fd sypan\u00fd bylinn\u00fd \u010daj zostavovan\u00fd pod\u013ea origin\u00e1lnej recept\u00fary, chr\u00e1nen\u00fd ochrannou zn\u00e1mkou, ur\u010den\u00fd na konkr\u00e9tny probl\u00e9m.<\/p>\n<p><strong>Zlo\u017eenie :\u00a0<\/strong><\/p>\n<p><strong>Zlatoby\u013e v\u0148a\u0165<\/strong> &#8211; podporuje <strong>funkciu mo\u010dov\u00e9ho mech\u00fara a mo\u010dov\u00fdch ciest <\/strong><br \/>\n<strong>\u017dih\u013eava v\u0148a\u0165<\/strong> &#8211; podporuje o\u010distu a<strong> funkciu obli\u010diek<\/strong>\u00a0a mo\u010dov\u00e9ho \u00fastrojenstva, k\u013aby<br \/>\n<strong>Breza list<\/strong> &#8211; podporuje vylu\u010dovanie, <strong>k\u013aby, funkciu obli\u010diek<\/strong><br \/>\n<strong>Truskavec v\u0148a\u0165<\/strong> \u2013 podporuje chudnutie<br \/>\n<strong>Prasli\u010dka v\u0148a\u0165<\/strong> \u2013 podporuje <strong>stav tkan\u00edv, kost\u00ed, chrupaviek<\/strong>, obli\u010diek<br \/>\n<strong>Vrbovka v\u0148a\u0165<\/strong> \u2013 podporuje <strong>mo\u010dov\u00e9 \u00fastrojenstvo a prostatu <\/strong><br \/>\n<strong>Vres v\u0148a\u0165<\/strong> \u2013 podporuje\u00a0obli\u010dky<\/p>\n<p><strong>Obsah balenia : 15 x 2,5 g <\/strong><\/p>\n","protected":false},"excerpt":{"rendered":"<p><strong>Obsah balenia : 15 x 2,5 g <\/strong><\/p>\n","protected":false},"featured_media":1975,"comment_status":"open","ping_status":"closed","template":"","meta":[],"_links":{"self":[{"href":"http:\/\/cajovnajasminka.sk\/index.php?rest_route=\/wp\/v2\/product\/387"}],"collection":[{"href":"http:\/\/cajovnajasminka.sk\/index.php?rest_route=\/wp\/v2\/product"}],"about":[{"href":"http:\/\/cajovnajasminka.sk\/index.php?rest_route=\/wp\/v2\/types\/product"}],"replies":[{"embeddable":true,"href":"http:\/\/cajovnajasminka.sk\/index.php?rest_route=%2Fwp%2Fv2%2Fcomments&post=387"}],"wp:featuredmedia":[{"embeddable":true,"href":"http:\/\/cajovnajasminka.sk\/index.php?rest_route=\/wp\/v2\/media\/1975"}],"wp:attachment":[{"href":"http:\/\/cajovnajasminka.sk\/index.php?rest_route=%2Fwp%2Fv2%2Fmedia&parent=387"}],"curies":[{"name":"wp","href":"https:\/\/api.w.org\/{rel}","templated":true}]}}