{"id":386,"date":"2017-05-03T13:45:20","date_gmt":"2017-05-03T11:45:20","guid":{"rendered":"http:\/\/cajovnajasminka.sk\/?post_type=product&#038;p=386"},"modified":"2023-02-15T10:01:29","modified_gmt":"2023-02-15T09:01:29","slug":"koza-bylinny-caj-porciovany","status":"publish","type":"product","link":"http:\/\/cajovnajasminka.sk\/?product=koza-bylinny-caj-porciovany","title":{"rendered":"Ko\u017ea-Bylinn\u00fd \u010daj porciovan\u00fd"},"content":{"rendered":"<p>\u010cesk\u00fd kvalitn\u00fd sypan\u00fd bylinn\u00fd \u010daj zostavovan\u00fd pod\u013ea origin\u00e1lnej recept\u00fary, chr\u00e1nen\u00fd ochrannou zn\u00e1mkou, ur\u010den\u00fd na konkr\u00e9tny probl\u00e9m.<\/p>\n<p><strong>Zlo\u017eenie :\u00a0<\/strong><\/p>\n<p><strong>\u017dih\u013eava v\u0148a\u0165<\/strong> &#8211; podporuje <strong>norm\u00e1lny stav ko\u017ee<\/strong>, \u010drevn\u00fa mikrofl\u00f3ru<br \/>\n<strong>\u010cakanka kore\u0148<\/strong>\u00a0\u2013 podporuje o\u010distu<br \/>\n<strong>P\u00fapava list<\/strong> &#8211; podporuje <strong>detoxik\u00e1ciu a \u010drevn\u00fa mikrofl\u00f3ru<\/strong><br \/>\n<strong>Necht\u00edk\u00a0kvet<\/strong> &#8211; podporuje prirodzen\u00fd <strong>stav a funkciu ko\u017ee<\/strong><br \/>\n<strong>N\u00e1tr\u017en\u00edk kore\u0148<\/strong>\u00a0\u2013 podporuje ko\u017eu a \u010dinnos\u0165 \u010driev<br \/>\n<strong>Lop\u00fach kore\u0148<\/strong>\u00a0\u2013 podporuje stav ko\u017ee a <strong>imunitu <\/strong><br \/>\n<strong>Oman kore\u0148<\/strong>\u00a0\u2013 podporuje o\u010distu tr\u00e1viaceho\u00a0traktu a obli\u010diek<\/p>\n<p><strong>Obsah balenia : 15 x 2,5 g <\/strong><\/p>\n","protected":false},"excerpt":{"rendered":"<p><strong>Obsah balenia : 15 x 2,5 g <\/strong><\/p>\n","protected":false},"featured_media":1972,"comment_status":"open","ping_status":"closed","template":"","meta":[],"_links":{"self":[{"href":"http:\/\/cajovnajasminka.sk\/index.php?rest_route=\/wp\/v2\/product\/386"}],"collection":[{"href":"http:\/\/cajovnajasminka.sk\/index.php?rest_route=\/wp\/v2\/product"}],"about":[{"href":"http:\/\/cajovnajasminka.sk\/index.php?rest_route=\/wp\/v2\/types\/product"}],"replies":[{"embeddable":true,"href":"http:\/\/cajovnajasminka.sk\/index.php?rest_route=%2Fwp%2Fv2%2Fcomments&post=386"}],"wp:featuredmedia":[{"embeddable":true,"href":"http:\/\/cajovnajasminka.sk\/index.php?rest_route=\/wp\/v2\/media\/1972"}],"wp:attachment":[{"href":"http:\/\/cajovnajasminka.sk\/index.php?rest_route=%2Fwp%2Fv2%2Fmedia&parent=386"}],"curies":[{"name":"wp","href":"https:\/\/api.w.org\/{rel}","templated":true}]}}